{"id":991,"date":"2018-01-18T12:06:46","date_gmt":"2018-01-18T11:06:46","guid":{"rendered":"http:\/\/www.caesars-northcamps.com\/?page_id=991"},"modified":"2023-11-14T07:48:07","modified_gmt":"2023-11-14T06:48:07","slug":"section-remise-a-leau","status":"publish","type":"page","link":"https:\/\/www.caesars-northcamps.com\/fr\/section-remise-a-leau\/","title":{"rendered":"Section remise \u00e0 l\u2019eau"},"content":{"rendered":"<section class=\"l-section wpb_row height_medium\"><div class=\"l-section-h i-cf\"><div class=\"g-cols vc_row via_flex valign_top type_default stacking_default\"><div class=\"vc_col-sm-12 wpb_column vc_column_container\"><div class=\"vc_column-inner\"><div class=\"wpb_wrapper\"><div class=\"wpb_text_column\"><div class=\"wpb_wrapper\"><h2>Nos vid\u00e9os de p\u00eache et remise \u00e0 l&rsquo;eau<\/h2>\n<p>Si vous aimez nos vid\u00e9os, n&rsquo;h\u00e9sitez pas nous noter sur <a href=\"https:\/\/www.youtube.com\/channel\/UCt1GdVhM5HZeou7eJbcS8Hg\" target=\"_blank\" rel=\"noopener\">notre chaine Youtube : Caesars North Camps<\/a>.<\/p>\n<\/div><\/div><div class=\"g-cols wpb_row via_flex valign_top type_default stacking_default\"><div class=\"vc_col-sm-6 wpb_column vc_column_container\"><div class=\"vc_column-inner\"><div class=\"wpb_wrapper\"><div class=\"w-video align_none ratio_16x9 has_iframe\"><div class=\"w-video-h\"><iframe title=\"Youtube video player\" src=\"\/\/www.youtube.com\/embed\/ix39uBLC8rs?autoplay=0&controls=1&origin=https:\/\/www.caesars-northcamps.com\/fr\/&loop=0&mute=0\" allowfullscreen=\"1\" loading=\"lazy\"><\/iframe><\/div><\/div><\/div><\/div><\/div><div class=\"vc_col-sm-6 wpb_column vc_column_container\"><div class=\"vc_column-inner\"><div class=\"wpb_wrapper\"><div class=\"w-video align_none ratio_16x9 has_iframe\"><div class=\"w-video-h\"><iframe title=\"Youtube video player\" src=\"\/\/www.youtube.com\/embed\/ko-npqht2Eo?autoplay=0&controls=1&origin=https:\/\/www.caesars-northcamps.com\/fr\/&loop=0&mute=0\" allowfullscreen=\"1\" loading=\"lazy\"><\/iframe><\/div><\/div><\/div><\/div><\/div><\/div><div class=\"w-separator size_custom\" style=\"height:32px\"><\/div><div class=\"g-cols wpb_row via_flex valign_top type_default stacking_default\"><div class=\"vc_col-sm-6 wpb_column vc_column_container\"><div class=\"vc_column-inner\"><div class=\"wpb_wrapper\"><div class=\"w-video align_none ratio_16x9 has_iframe\"><div class=\"w-video-h\"><iframe title=\"Youtube video player\" src=\"\/\/www.youtube.com\/embed\/nDOKZZu86b4?autoplay=0&controls=1&origin=https:\/\/www.caesars-northcamps.com\/fr\/&loop=0&mute=0\" allowfullscreen=\"1\" loading=\"lazy\"><\/iframe><\/div><\/div><\/div><\/div><\/div><div class=\"vc_col-sm-6 wpb_column vc_column_container\"><div class=\"vc_column-inner\"><div class=\"wpb_wrapper\"><div class=\"w-video align_none ratio_16x9 has_iframe\"><div class=\"w-video-h\"><iframe title=\"Youtube video player\" src=\"\/\/www.youtube.com\/embed\/8hgq0d0VTyM?autoplay=0&controls=1&origin=https:\/\/www.caesars-northcamps.com\/fr\/&loop=0&mute=0\" allowfullscreen=\"1\" loading=\"lazy\"><\/iframe><\/div><\/div><\/div><\/div><\/div><\/div><div class=\"w-separator size_custom\" style=\"height:32px\"><\/div><div class=\"g-cols wpb_row via_flex valign_top type_default stacking_default\"><div class=\"vc_col-sm-6 wpb_column vc_column_container\"><div class=\"vc_column-inner\"><div class=\"wpb_wrapper\"><div class=\"w-video align_none ratio_16x9 has_iframe\"><div class=\"w-video-h\"><iframe title=\"Youtube video player\" src=\"\/\/www.youtube.com\/embed\/RVNRcpXG46k?autoplay=0&controls=1&origin=https:\/\/www.caesars-northcamps.com\/fr\/&loop=0&mute=0\" allowfullscreen=\"1\" loading=\"lazy\"><\/iframe><\/div><\/div><\/div><\/div><\/div><div class=\"vc_col-sm-6 wpb_column vc_column_container\"><div class=\"vc_column-inner\"><div class=\"wpb_wrapper\"><div class=\"w-video align_none ratio_16x9 has_iframe\"><div class=\"w-video-h\"><iframe title=\"Youtube video player\" src=\"\/\/www.youtube.com\/embed\/IuTWdh3yN1U?autoplay=0&controls=1&origin=https:\/\/www.caesars-northcamps.com\/fr\/&loop=0&mute=0\" allowfullscreen=\"1\" loading=\"lazy\"><\/iframe><\/div><\/div><\/div><\/div><\/div><\/div><div class=\"g-cols wpb_row via_flex valign_top type_default stacking_default\"><div class=\"vc_col-sm-6 wpb_column vc_column_container\"><div class=\"vc_column-inner\"><div class=\"wpb_wrapper\"><div class=\"w-video align_none ratio_16x9 has_iframe\"><div class=\"w-video-h\"><iframe title=\"Youtube video player\" src=\"\/\/www.youtube.com\/embed\/CsA64EsM0-s?autoplay=0&controls=1&origin=https:\/\/www.caesars-northcamps.com\/fr\/&loop=0&mute=0\" allowfullscreen=\"1\" loading=\"lazy\"><\/iframe><\/div><\/div><\/div><\/div><\/div><div class=\"vc_col-sm-6 wpb_column vc_column_container\"><div class=\"vc_column-inner\"><div class=\"wpb_wrapper\"><div class=\"w-video align_none ratio_16x9 has_iframe\"><div class=\"w-video-h\"><iframe title=\"Youtube video player\" src=\"\/\/www.youtube.com\/embed\/VyLh0g_WtII?autoplay=0&controls=1&origin=https:\/\/www.caesars-northcamps.com\/fr\/&loop=0&mute=0\" allowfullscreen=\"1\" loading=\"lazy\"><\/iframe><\/div><\/div><\/div><\/div><\/div><\/div><\/div><\/div><\/div><\/div><\/div><\/section>\n","protected":false},"excerpt":{"rendered":"Nos vid\u00e9os de p\u00eache et remise \u00e0 l&rsquo;eau Si vous aimez nos vid\u00e9os, n&rsquo;h\u00e9sitez pas nous noter sur notre chaine Youtube : Caesars North Camps.","protected":false},"author":1,"featured_media":0,"parent":0,"menu_order":0,"comment_status":"closed","ping_status":"closed","template":"","meta":{"footnotes":""},"class_list":["post-991","page","type-page","status-publish","hentry"],"yoast_head":"<!-- This site is optimized with the Yoast SEO plugin v27.2 - https:\/\/yoast.com\/product\/yoast-seo-wordpress\/ -->\n<title>Vid\u00e9o de p\u00eache de brochets et dor\u00e9s | Caesar&#039;s North Camps<\/title>\n<meta name=\"description\" content=\"Voyez nos vid\u00e9os de p\u00eache directement du Grand Nord dans le R\u00e9servoir Gouin. Des remises \u00e0 l&#039;eau pour les brochets et les dor\u00e9s\" \/>\n<meta name=\"robots\" content=\"index, follow, max-snippet:-1, max-image-preview:large, max-video-preview:-1\" \/>\n<link rel=\"canonical\" href=\"https:\/\/www.caesars-northcamps.com\/fr\/section-remise-a-leau\/\" \/>\n<meta property=\"og:locale\" content=\"fr_FR\" \/>\n<meta property=\"og:type\" content=\"article\" \/>\n<meta property=\"og:title\" content=\"Vid\u00e9o de p\u00eache de brochets et dor\u00e9s | Caesar&#039;s North Camps\" \/>\n<meta property=\"og:description\" content=\"Voyez nos vid\u00e9os de p\u00eache directement du Grand Nord dans le R\u00e9servoir Gouin. Des remises \u00e0 l&#039;eau pour les brochets et les dor\u00e9s\" \/>\n<meta property=\"og:url\" content=\"https:\/\/www.caesars-northcamps.com\/fr\/section-remise-a-leau\/\" \/>\n<meta property=\"og:site_name\" content=\"Caesar&#039;s North Camps\" \/>\n<meta property=\"article:modified_time\" content=\"2023-11-14T06:48:07+00:00\" \/>\n<meta name=\"twitter:card\" content=\"summary_large_image\" \/>\n<meta name=\"twitter:label1\" content=\"Dur\u00e9e de lecture estim\u00e9e\" \/>\n\t<meta name=\"twitter:data1\" content=\"1 minute\" \/>\n<script type=\"application\/ld+json\" class=\"yoast-schema-graph\">{\"@context\":\"https:\/\/schema.org\",\"@graph\":[{\"@type\":\"WebPage\",\"@id\":\"https:\/\/www.caesars-northcamps.com\/fr\/section-remise-a-leau\/\",\"url\":\"https:\/\/www.caesars-northcamps.com\/fr\/section-remise-a-leau\/\",\"name\":\"Vid\u00e9o de p\u00eache de brochets et dor\u00e9s | Caesar's North Camps\",\"isPartOf\":{\"@id\":\"https:\/\/www.caesars-northcamps.com\/#website\"},\"datePublished\":\"2018-01-18T11:06:46+00:00\",\"dateModified\":\"2023-11-14T06:48:07+00:00\",\"description\":\"Voyez nos vid\u00e9os de p\u00eache directement du Grand Nord dans le R\u00e9servoir Gouin. Des remises \u00e0 l'eau pour les brochets et les dor\u00e9s\",\"breadcrumb\":{\"@id\":\"https:\/\/www.caesars-northcamps.com\/fr\/section-remise-a-leau\/#breadcrumb\"},\"inLanguage\":\"fr-FR\",\"potentialAction\":[{\"@type\":\"ReadAction\",\"target\":[\"https:\/\/www.caesars-northcamps.com\/fr\/section-remise-a-leau\/\"]}]},{\"@type\":\"BreadcrumbList\",\"@id\":\"https:\/\/www.caesars-northcamps.com\/fr\/section-remise-a-leau\/#breadcrumb\",\"itemListElement\":[{\"@type\":\"ListItem\",\"position\":1,\"name\":\"Accueil\",\"item\":\"https:\/\/www.caesars-northcamps.com\/fr\/\"},{\"@type\":\"ListItem\",\"position\":2,\"name\":\"Section remise \u00e0 l\u2019eau\"}]},{\"@type\":\"WebSite\",\"@id\":\"https:\/\/www.caesars-northcamps.com\/#website\",\"url\":\"https:\/\/www.caesars-northcamps.com\/\",\"name\":\"Caesar&#039;s North Camps\",\"description\":\"Best Fly-in fishing and hunting trips in Northern Quebec\",\"potentialAction\":[{\"@type\":\"SearchAction\",\"target\":{\"@type\":\"EntryPoint\",\"urlTemplate\":\"https:\/\/www.caesars-northcamps.com\/?s={search_term_string}\"},\"query-input\":{\"@type\":\"PropertyValueSpecification\",\"valueRequired\":true,\"valueName\":\"search_term_string\"}}],\"inLanguage\":\"fr-FR\"}]}<\/script>\n<!-- \/ Yoast SEO plugin. -->","yoast_head_json":{"title":"Vid\u00e9o de p\u00eache de brochets et dor\u00e9s | Caesar's North Camps","description":"Voyez nos vid\u00e9os de p\u00eache directement du Grand Nord dans le R\u00e9servoir Gouin. Des remises \u00e0 l'eau pour les brochets et les dor\u00e9s","robots":{"index":"index","follow":"follow","max-snippet":"max-snippet:-1","max-image-preview":"max-image-preview:large","max-video-preview":"max-video-preview:-1"},"canonical":"https:\/\/www.caesars-northcamps.com\/fr\/section-remise-a-leau\/","og_locale":"fr_FR","og_type":"article","og_title":"Vid\u00e9o de p\u00eache de brochets et dor\u00e9s | Caesar's North Camps","og_description":"Voyez nos vid\u00e9os de p\u00eache directement du Grand Nord dans le R\u00e9servoir Gouin. Des remises \u00e0 l'eau pour les brochets et les dor\u00e9s","og_url":"https:\/\/www.caesars-northcamps.com\/fr\/section-remise-a-leau\/","og_site_name":"Caesar&#039;s North Camps","article_modified_time":"2023-11-14T06:48:07+00:00","twitter_card":"summary_large_image","twitter_misc":{"Dur\u00e9e de lecture estim\u00e9e":"1 minute"},"schema":{"@context":"https:\/\/schema.org","@graph":[{"@type":"WebPage","@id":"https:\/\/www.caesars-northcamps.com\/fr\/section-remise-a-leau\/","url":"https:\/\/www.caesars-northcamps.com\/fr\/section-remise-a-leau\/","name":"Vid\u00e9o de p\u00eache de brochets et dor\u00e9s | Caesar's North Camps","isPartOf":{"@id":"https:\/\/www.caesars-northcamps.com\/#website"},"datePublished":"2018-01-18T11:06:46+00:00","dateModified":"2023-11-14T06:48:07+00:00","description":"Voyez nos vid\u00e9os de p\u00eache directement du Grand Nord dans le R\u00e9servoir Gouin. Des remises \u00e0 l'eau pour les brochets et les dor\u00e9s","breadcrumb":{"@id":"https:\/\/www.caesars-northcamps.com\/fr\/section-remise-a-leau\/#breadcrumb"},"inLanguage":"fr-FR","potentialAction":[{"@type":"ReadAction","target":["https:\/\/www.caesars-northcamps.com\/fr\/section-remise-a-leau\/"]}]},{"@type":"BreadcrumbList","@id":"https:\/\/www.caesars-northcamps.com\/fr\/section-remise-a-leau\/#breadcrumb","itemListElement":[{"@type":"ListItem","position":1,"name":"Accueil","item":"https:\/\/www.caesars-northcamps.com\/fr\/"},{"@type":"ListItem","position":2,"name":"Section remise \u00e0 l\u2019eau"}]},{"@type":"WebSite","@id":"https:\/\/www.caesars-northcamps.com\/#website","url":"https:\/\/www.caesars-northcamps.com\/","name":"Caesar&#039;s North Camps","description":"Best Fly-in fishing and hunting trips in Northern Quebec","potentialAction":[{"@type":"SearchAction","target":{"@type":"EntryPoint","urlTemplate":"https:\/\/www.caesars-northcamps.com\/?s={search_term_string}"},"query-input":{"@type":"PropertyValueSpecification","valueRequired":true,"valueName":"search_term_string"}}],"inLanguage":"fr-FR"}]}},"_links":{"self":[{"href":"https:\/\/www.caesars-northcamps.com\/fr\/wp-json\/wp\/v2\/pages\/991","targetHints":{"allow":["GET"]}}],"collection":[{"href":"https:\/\/www.caesars-northcamps.com\/fr\/wp-json\/wp\/v2\/pages"}],"about":[{"href":"https:\/\/www.caesars-northcamps.com\/fr\/wp-json\/wp\/v2\/types\/page"}],"author":[{"embeddable":true,"href":"https:\/\/www.caesars-northcamps.com\/fr\/wp-json\/wp\/v2\/users\/1"}],"replies":[{"embeddable":true,"href":"https:\/\/www.caesars-northcamps.com\/fr\/wp-json\/wp\/v2\/comments?post=991"}],"version-history":[{"count":6,"href":"https:\/\/www.caesars-northcamps.com\/fr\/wp-json\/wp\/v2\/pages\/991\/revisions"}],"predecessor-version":[{"id":2791,"href":"https:\/\/www.caesars-northcamps.com\/fr\/wp-json\/wp\/v2\/pages\/991\/revisions\/2791"}],"wp:attachment":[{"href":"https:\/\/www.caesars-northcamps.com\/fr\/wp-json\/wp\/v2\/media?parent=991"}],"curies":[{"name":"wp","href":"https:\/\/api.w.org\/{rel}","templated":true}]}}