{"id":979,"date":"2018-01-18T11:56:52","date_gmt":"2018-01-18T10:56:52","guid":{"rendered":"http:\/\/www.caesars-northcamps.com\/?page_id=979"},"modified":"2018-12-15T15:33:08","modified_gmt":"2018-12-15T14:33:08","slug":"a-propos","status":"publish","type":"page","link":"https:\/\/www.caesars-northcamps.com\/fr\/a-propos\/","title":{"rendered":"\u00c0 Propos"},"content":{"rendered":"<section class=\"l-section wpb_row height_medium\"><div class=\"l-section-h i-cf\"><div class=\"g-cols vc_row via_flex valign_top type_default stacking_default\"><div class=\"vc_col-sm-12 wpb_column vc_column_container\"><div class=\"vc_column-inner\"><div class=\"wpb_wrapper\"><div class=\"wpb_text_column\"><div class=\"wpb_wrapper\"><h2>L&rsquo;histoire des meilleurs pourvoiries de p\u00eache du Nord Qu\u00e9bec<\/h2>\n<p>Il y a 40 ans, mes parents ont fond\u00e9 la pourvoirie C\u00e9sar et <strong>celle-ci est devenue l\u2019une des plus grandes et des plus prestigieuses du Qu\u00e9bec.<\/strong> Pendant 13 ans, j\u2019ai op\u00e9r\u00e9 cette entreprise avant de la vendre \u00e0 mon cousin en 2007. Trois ans plus tard, mes amis clients et le pilotage me manquaient beaucoup. Pour ces raisons, j\u2019ai d\u00e9cid\u00e9 de racheter <strong>les camps de p\u00eache aux troph\u00e9es<\/strong> et je les op\u00e8re avec mon ami pilote de longue date et maintenant partenaire: Jean-Lou Simard.<\/p>\n<p>Cette portion de territoire que je consid\u00e8re comme ma pr\u00e9f\u00e9r\u00e9e s\u2019appelle; <strong>\u00ab\u00a0C\u00e9sar Camps du Nord\u00a0\u00bb. <\/strong>La pourvoirie Caesar a \u00e9t\u00e9 officiellement ferm\u00e9e au printemps\u00a02011, Caesar Camps du Nord restera ouvert!<\/p>\n<p>Vous y retrouverez un h\u00e9bergement confortable, un service imbattable et <strong>une qualit\u00e9 de p\u00eache aux dor\u00e9s et brochets exceptionnelle<\/strong>.<\/p>\n<p>En esp\u00e9rant vous voir dans le bois sous peu !<\/p>\n<\/div><\/div><div class=\"w-image align_none\"><div class=\"w-image-h\"><img decoding=\"async\" width=\"400\" height=\"91\" src=\"https:\/\/www.caesars-northcamps.com\/wp-content\/uploads\/2017\/12\/caesar-north-camp-signature-only-signature.png\" class=\"attachment-full size-full\" alt=\"\" loading=\"lazy\" srcset=\"https:\/\/www.caesars-northcamps.com\/wp-content\/uploads\/2017\/12\/caesar-north-camp-signature-only-signature.png 400w, https:\/\/www.caesars-northcamps.com\/wp-content\/uploads\/2017\/12\/caesar-north-camp-signature-only-signature-300x68.png 300w\" sizes=\"auto, (max-width: 400px) 100vw, 400px\" \/><\/div><\/div><div class=\"w-image align_none\"><div class=\"w-image-h\"><img decoding=\"async\" width=\"387\" height=\"285\" src=\"https:\/\/www.caesars-northcamps.com\/wp-content\/uploads\/2017\/12\/caesar-north-camp-parent.png\" class=\"attachment-full size-full\" alt=\"\" loading=\"lazy\" srcset=\"https:\/\/www.caesars-northcamps.com\/wp-content\/uploads\/2017\/12\/caesar-north-camp-parent.png 387w, https:\/\/www.caesars-northcamps.com\/wp-content\/uploads\/2017\/12\/caesar-north-camp-parent-300x221.png 300w\" sizes=\"auto, (max-width: 387px) 100vw, 387px\" \/><\/div><\/div><\/div><\/div><\/div><\/div><\/div><\/section>\n","protected":false},"excerpt":{"rendered":"L&rsquo;histoire des meilleurs pourvoiries de p\u00eache du Nord Qu\u00e9bec Il y a 40 ans, mes parents ont fond\u00e9 la pourvoirie C\u00e9sar et celle-ci est devenue l\u2019une des plus grandes et des plus prestigieuses du Qu\u00e9bec. Pendant 13 ans, j\u2019ai op\u00e9r\u00e9 cette entreprise avant de la vendre \u00e0 mon cousin en 2007. Trois ans plus tard,...","protected":false},"author":1,"featured_media":0,"parent":0,"menu_order":0,"comment_status":"closed","ping_status":"closed","template":"","meta":{"footnotes":""},"class_list":["post-979","page","type-page","status-publish","hentry"],"yoast_head":"<!-- This site is optimized with the Yoast SEO plugin v27.2 - https:\/\/yoast.com\/product\/yoast-seo-wordpress\/ -->\n<title>Qui offre les plus belles places de p\u00eache au Qu\u00e9bec ? | Caesar&#039;s North Camps<\/title>\n<meta name=\"description\" content=\"Avec Caesar&#039;s North Camps, votre s\u00e9jour de p\u00eache sera une exp\u00e9rience unique d&#039;aventure. Vos histoires de brochets et de dor\u00e9s seront plus vraies que jamais!\" \/>\n<meta name=\"robots\" content=\"index, follow, max-snippet:-1, max-image-preview:large, max-video-preview:-1\" \/>\n<link rel=\"canonical\" href=\"https:\/\/www.caesars-northcamps.com\/fr\/a-propos\/\" \/>\n<meta property=\"og:locale\" content=\"fr_FR\" \/>\n<meta property=\"og:type\" content=\"article\" \/>\n<meta property=\"og:title\" content=\"Qui offre les plus belles places de p\u00eache au Qu\u00e9bec ? | Caesar&#039;s North Camps\" \/>\n<meta property=\"og:description\" content=\"Avec Caesar&#039;s North Camps, votre s\u00e9jour de p\u00eache sera une exp\u00e9rience unique d&#039;aventure. Vos histoires de brochets et de dor\u00e9s seront plus vraies que jamais!\" \/>\n<meta property=\"og:url\" content=\"https:\/\/www.caesars-northcamps.com\/fr\/a-propos\/\" \/>\n<meta property=\"og:site_name\" content=\"Caesar&#039;s North Camps\" \/>\n<meta property=\"article:modified_time\" content=\"2018-12-15T14:33:08+00:00\" \/>\n<meta name=\"twitter:card\" content=\"summary_large_image\" \/>\n<meta name=\"twitter:label1\" content=\"Dur\u00e9e de lecture estim\u00e9e\" \/>\n\t<meta name=\"twitter:data1\" content=\"1 minute\" \/>\n<script type=\"application\/ld+json\" class=\"yoast-schema-graph\">{\"@context\":\"https:\/\/schema.org\",\"@graph\":[{\"@type\":\"WebPage\",\"@id\":\"https:\/\/www.caesars-northcamps.com\/fr\/a-propos\/\",\"url\":\"https:\/\/www.caesars-northcamps.com\/fr\/a-propos\/\",\"name\":\"Qui offre les plus belles places de p\u00eache au Qu\u00e9bec ? | Caesar's North Camps\",\"isPartOf\":{\"@id\":\"https:\/\/www.caesars-northcamps.com\/#website\"},\"datePublished\":\"2018-01-18T10:56:52+00:00\",\"dateModified\":\"2018-12-15T14:33:08+00:00\",\"description\":\"Avec Caesar's North Camps, votre s\u00e9jour de p\u00eache sera une exp\u00e9rience unique d'aventure. Vos histoires de brochets et de dor\u00e9s seront plus vraies que jamais!\",\"breadcrumb\":{\"@id\":\"https:\/\/www.caesars-northcamps.com\/fr\/a-propos\/#breadcrumb\"},\"inLanguage\":\"fr-FR\",\"potentialAction\":[{\"@type\":\"ReadAction\",\"target\":[\"https:\/\/www.caesars-northcamps.com\/fr\/a-propos\/\"]}]},{\"@type\":\"BreadcrumbList\",\"@id\":\"https:\/\/www.caesars-northcamps.com\/fr\/a-propos\/#breadcrumb\",\"itemListElement\":[{\"@type\":\"ListItem\",\"position\":1,\"name\":\"Accueil\",\"item\":\"https:\/\/www.caesars-northcamps.com\/fr\/\"},{\"@type\":\"ListItem\",\"position\":2,\"name\":\"\u00c0 Propos\"}]},{\"@type\":\"WebSite\",\"@id\":\"https:\/\/www.caesars-northcamps.com\/#website\",\"url\":\"https:\/\/www.caesars-northcamps.com\/\",\"name\":\"Caesar&#039;s North Camps\",\"description\":\"Best Fly-in fishing and hunting trips in Northern Quebec\",\"potentialAction\":[{\"@type\":\"SearchAction\",\"target\":{\"@type\":\"EntryPoint\",\"urlTemplate\":\"https:\/\/www.caesars-northcamps.com\/?s={search_term_string}\"},\"query-input\":{\"@type\":\"PropertyValueSpecification\",\"valueRequired\":true,\"valueName\":\"search_term_string\"}}],\"inLanguage\":\"fr-FR\"}]}<\/script>\n<!-- \/ Yoast SEO plugin. -->","yoast_head_json":{"title":"Qui offre les plus belles places de p\u00eache au Qu\u00e9bec ? | Caesar's North Camps","description":"Avec Caesar's North Camps, votre s\u00e9jour de p\u00eache sera une exp\u00e9rience unique d'aventure. Vos histoires de brochets et de dor\u00e9s seront plus vraies que jamais!","robots":{"index":"index","follow":"follow","max-snippet":"max-snippet:-1","max-image-preview":"max-image-preview:large","max-video-preview":"max-video-preview:-1"},"canonical":"https:\/\/www.caesars-northcamps.com\/fr\/a-propos\/","og_locale":"fr_FR","og_type":"article","og_title":"Qui offre les plus belles places de p\u00eache au Qu\u00e9bec ? | Caesar's North Camps","og_description":"Avec Caesar's North Camps, votre s\u00e9jour de p\u00eache sera une exp\u00e9rience unique d'aventure. Vos histoires de brochets et de dor\u00e9s seront plus vraies que jamais!","og_url":"https:\/\/www.caesars-northcamps.com\/fr\/a-propos\/","og_site_name":"Caesar&#039;s North Camps","article_modified_time":"2018-12-15T14:33:08+00:00","twitter_card":"summary_large_image","twitter_misc":{"Dur\u00e9e de lecture estim\u00e9e":"1 minute"},"schema":{"@context":"https:\/\/schema.org","@graph":[{"@type":"WebPage","@id":"https:\/\/www.caesars-northcamps.com\/fr\/a-propos\/","url":"https:\/\/www.caesars-northcamps.com\/fr\/a-propos\/","name":"Qui offre les plus belles places de p\u00eache au Qu\u00e9bec ? | Caesar's North Camps","isPartOf":{"@id":"https:\/\/www.caesars-northcamps.com\/#website"},"datePublished":"2018-01-18T10:56:52+00:00","dateModified":"2018-12-15T14:33:08+00:00","description":"Avec Caesar's North Camps, votre s\u00e9jour de p\u00eache sera une exp\u00e9rience unique d'aventure. Vos histoires de brochets et de dor\u00e9s seront plus vraies que jamais!","breadcrumb":{"@id":"https:\/\/www.caesars-northcamps.com\/fr\/a-propos\/#breadcrumb"},"inLanguage":"fr-FR","potentialAction":[{"@type":"ReadAction","target":["https:\/\/www.caesars-northcamps.com\/fr\/a-propos\/"]}]},{"@type":"BreadcrumbList","@id":"https:\/\/www.caesars-northcamps.com\/fr\/a-propos\/#breadcrumb","itemListElement":[{"@type":"ListItem","position":1,"name":"Accueil","item":"https:\/\/www.caesars-northcamps.com\/fr\/"},{"@type":"ListItem","position":2,"name":"\u00c0 Propos"}]},{"@type":"WebSite","@id":"https:\/\/www.caesars-northcamps.com\/#website","url":"https:\/\/www.caesars-northcamps.com\/","name":"Caesar&#039;s North Camps","description":"Best Fly-in fishing and hunting trips in Northern Quebec","potentialAction":[{"@type":"SearchAction","target":{"@type":"EntryPoint","urlTemplate":"https:\/\/www.caesars-northcamps.com\/?s={search_term_string}"},"query-input":{"@type":"PropertyValueSpecification","valueRequired":true,"valueName":"search_term_string"}}],"inLanguage":"fr-FR"}]}},"_links":{"self":[{"href":"https:\/\/www.caesars-northcamps.com\/fr\/wp-json\/wp\/v2\/pages\/979","targetHints":{"allow":["GET"]}}],"collection":[{"href":"https:\/\/www.caesars-northcamps.com\/fr\/wp-json\/wp\/v2\/pages"}],"about":[{"href":"https:\/\/www.caesars-northcamps.com\/fr\/wp-json\/wp\/v2\/types\/page"}],"author":[{"embeddable":true,"href":"https:\/\/www.caesars-northcamps.com\/fr\/wp-json\/wp\/v2\/users\/1"}],"replies":[{"embeddable":true,"href":"https:\/\/www.caesars-northcamps.com\/fr\/wp-json\/wp\/v2\/comments?post=979"}],"version-history":[{"count":3,"href":"https:\/\/www.caesars-northcamps.com\/fr\/wp-json\/wp\/v2\/pages\/979\/revisions"}],"predecessor-version":[{"id":1926,"href":"https:\/\/www.caesars-northcamps.com\/fr\/wp-json\/wp\/v2\/pages\/979\/revisions\/1926"}],"wp:attachment":[{"href":"https:\/\/www.caesars-northcamps.com\/fr\/wp-json\/wp\/v2\/media?parent=979"}],"curies":[{"name":"wp","href":"https:\/\/api.w.org\/{rel}","templated":true}]}}