{"id":951,"date":"2018-01-18T11:40:54","date_gmt":"2018-01-18T10:40:54","guid":{"rendered":"http:\/\/www.caesars-northcamps.com\/?page_id=951"},"modified":"2026-01-20T09:17:31","modified_gmt":"2026-01-20T08:17:31","slug":"gouin-3","status":"publish","type":"page","link":"https:\/\/www.caesars-northcamps.com\/fr\/peche\/lacs\/gouin-3\/","title":{"rendered":"R\u00e9servoir Gouin 3"},"content":{"rendered":"<section class=\"l-section wpb_row height_medium\"><div class=\"l-section-h i-cf\"><div class=\"g-cols vc_row via_flex valign_top type_default stacking_default\"><div class=\"vc_col-sm-12 wpb_column vc_column_container\"><div class=\"vc_column-inner\"><div class=\"wpb_wrapper\"><div class=\"w-image align_none\"><div class=\"w-image-h\"><img decoding=\"async\" width=\"840\" height=\"286\" src=\"https:\/\/www.caesars-northcamps.com\/wp-content\/uploads\/2018\/01\/caesars-north-camps-reservoir-gouin3-header.jpg\" class=\"attachment-full size-full\" alt=\"\" loading=\"lazy\" srcset=\"https:\/\/www.caesars-northcamps.com\/wp-content\/uploads\/2018\/01\/caesars-north-camps-reservoir-gouin3-header.jpg 840w, https:\/\/www.caesars-northcamps.com\/wp-content\/uploads\/2018\/01\/caesars-north-camps-reservoir-gouin3-header-300x102.jpg 300w, https:\/\/www.caesars-northcamps.com\/wp-content\/uploads\/2018\/01\/caesars-north-camps-reservoir-gouin3-header-768x261.jpg 768w\" sizes=\"auto, (max-width: 840px) 100vw, 840px\" \/><\/div><\/div><div class=\"wpb_text_column box-table-lake\"><div class=\"wpb_wrapper\"><table class=\"cnc-table-lake\">\n<tbody>\n<tr>\n<td class=\"cell-header\"><strong>Pratique de p\u00eache :<\/strong><\/td>\n<td width=\"511\">Vous pouvez rapporter votre limite de poissons.<\/td>\n<\/tr>\n<tr>\n<td class=\"cell-header\"><strong>Jours :<\/strong><\/td>\n<td>Du vendredi au vendredi<\/td>\n<td><\/td>\n<\/tr>\n<tr>\n<td class=\"cell-header\"><strong>Places: <\/strong><\/td>\n<td>4 \u00e0 9 pers.<\/td>\n<\/tr>\n<tr>\n<td class=\"cell-header\"><strong>Nourriture : <\/strong><\/td>\n<td>Vous pouvez manger au chalet<\/td>\n<\/tr>\n<\/tbody>\n<\/table>\n<\/div><\/div><div class=\"w-separator size_custom\" style=\"height:32px\"><\/div><div class=\"wpb_text_column\"><div class=\"wpb_wrapper\"><ul>\n<li>Ce tr\u00e8s beau chalet avec 3 chambres \u00e0 coucher est situ\u00e9 sur une plage magnifique du r\u00e9servoir Gouin et la p\u00eache y est excellente.<\/li>\n<li>Autrefois utilis\u00e9 pour la p\u00eache guid\u00e9e, les chaloupes sont plus grandes.(16\u2032 avec des moteurs de 20 hp.)<\/li>\n<li>Plusieurs \u00eeles et structures rocheuses entourent cet emplacement.<\/li>\n<\/ul>\n<div class=\"spacer\"><\/div>\n<p>Nos chalets priv\u00e9s sont propres, confortables et tout \u00e9quip\u00e9s. Vous y trouverez:<\/p>\n<ul>\n<li>Cuisine \u00e9quip\u00e9 (po\u00eale, chaudron, ustensiles, vaisselle, eau courante, etc.)<\/li>\n<li>Salle de bain int\u00e9rieur (avec douche et toilette)<\/li>\n<li>Lampes au propane<\/li>\n<li>Po\u00eale et\/ou four au propane<\/li>\n<li>2 Frigidaires au propane<\/li>\n<li>Po\u00eale \u00e0 bois<\/li>\n<li>Balcon ext\u00e9rieur<\/li>\n<li>B.B.Q. portatif<\/li>\n<li>Table \u00e0 poisson \u00e0 l\u2019ext\u00e9rieur avec eau courante.<\/li>\n<\/ul>\n<\/div><\/div><div class=\"w-grid us_post_list apply_url_params type_grid layout_gallery_default cols_3 preload_style_spinner\" id=\"us_post_list_s2a8\" style=\"--columns:3;--gap:4px;\"><style>@media (max-width:479px){#us_post_list_s2a8{--columns:2!important}}.layout_gallery_default .w-grid-item-h{}<\/style><div class=\"w-grid-list\">\t<article class=\"w-grid-item size_1x1 post-1786 attachment type-attachment status-inherit hentry\" data-id=\"1786\">\r\n\t\t<div class=\"w-grid-item-h\">\r\n\t\t\t\t\t\t\t<a ref=\"magnificPopupGrid\" href=\"https:\/\/www.caesars-northcamps.com\/wp-content\/uploads\/2018\/01\/Caesars-North-Camps-Lac-Gouin-3-Photo-2.jpg\" class=\"w-grid-item-anchor\" aria-label=\"Caesars-North-Camps-Lac-Gouin-3-Photo-2\"><\/a>\r\n\t\t\t\t\t\t<div class=\"w-post-elm post_image usg_post_image_1 stretched\"><img loading=\"lazy\" decoding=\"async\" width=\"870\" height=\"653\" src=\"https:\/\/www.caesars-northcamps.com\/wp-content\/uploads\/2018\/01\/Caesars-North-Camps-Lac-Gouin-3-Photo-2.jpg\" class=\"attachment-full size-full\" alt=\"\" srcset=\"https:\/\/www.caesars-northcamps.com\/wp-content\/uploads\/2018\/01\/Caesars-North-Camps-Lac-Gouin-3-Photo-2.jpg 870w, https:\/\/www.caesars-northcamps.com\/wp-content\/uploads\/2018\/01\/Caesars-North-Camps-Lac-Gouin-3-Photo-2-300x225.jpg 300w, https:\/\/www.caesars-northcamps.com\/wp-content\/uploads\/2018\/01\/Caesars-North-Camps-Lac-Gouin-3-Photo-2-768x576.jpg 768w\" sizes=\"auto, (max-width: 870px) 100vw, 870px\" \/><\/div>\t\t<\/div>\r\n\t\t\t<\/article>\r\n\t<article class=\"w-grid-item size_1x1 post-1788 attachment type-attachment status-inherit hentry\" data-id=\"1788\">\r\n\t\t<div class=\"w-grid-item-h\">\r\n\t\t\t\t\t\t\t<a ref=\"magnificPopupGrid\" href=\"https:\/\/www.caesars-northcamps.com\/wp-content\/uploads\/2018\/01\/Caesars-North-Camps-Lac-Gouin-3-Principale.jpg\" class=\"w-grid-item-anchor\" aria-label=\"Caesars-North-Camps-Lac-Gouin-3-Principale\"><\/a>\r\n\t\t\t\t\t\t<div class=\"w-post-elm post_image usg_post_image_1 stretched\"><img loading=\"lazy\" decoding=\"async\" width=\"870\" height=\"650\" src=\"https:\/\/www.caesars-northcamps.com\/wp-content\/uploads\/2018\/01\/Caesars-North-Camps-Lac-Gouin-3-Principale.jpg\" class=\"attachment-full size-full\" alt=\"\" srcset=\"https:\/\/www.caesars-northcamps.com\/wp-content\/uploads\/2018\/01\/Caesars-North-Camps-Lac-Gouin-3-Principale.jpg 870w, https:\/\/www.caesars-northcamps.com\/wp-content\/uploads\/2018\/01\/Caesars-North-Camps-Lac-Gouin-3-Principale-300x224.jpg 300w, https:\/\/www.caesars-northcamps.com\/wp-content\/uploads\/2018\/01\/Caesars-North-Camps-Lac-Gouin-3-Principale-768x574.jpg 768w\" sizes=\"auto, (max-width: 870px) 100vw, 870px\" \/><\/div>\t\t<\/div>\r\n\t\t\t<\/article>\r\n\t<article class=\"w-grid-item size_1x1 post-1783 attachment type-attachment status-inherit hentry\" data-id=\"1783\">\r\n\t\t<div class=\"w-grid-item-h\">\r\n\t\t\t\t\t\t\t<a ref=\"magnificPopupGrid\" href=\"https:\/\/www.caesars-northcamps.com\/wp-content\/uploads\/2018\/01\/Caesars-North-Camps-Lac-Gouin-3-Chalet-1.jpg\" class=\"w-grid-item-anchor\" aria-label=\"Caesars-North-Camps-Lac-Gouin-3-Chalet-1\"><\/a>\r\n\t\t\t\t\t\t<div class=\"w-post-elm post_image usg_post_image_1 stretched\"><img loading=\"lazy\" decoding=\"async\" width=\"870\" height=\"693\" src=\"https:\/\/www.caesars-northcamps.com\/wp-content\/uploads\/2018\/01\/Caesars-North-Camps-Lac-Gouin-3-Chalet-1.jpg\" class=\"attachment-full size-full\" alt=\"\" srcset=\"https:\/\/www.caesars-northcamps.com\/wp-content\/uploads\/2018\/01\/Caesars-North-Camps-Lac-Gouin-3-Chalet-1.jpg 870w, https:\/\/www.caesars-northcamps.com\/wp-content\/uploads\/2018\/01\/Caesars-North-Camps-Lac-Gouin-3-Chalet-1-300x239.jpg 300w, https:\/\/www.caesars-northcamps.com\/wp-content\/uploads\/2018\/01\/Caesars-North-Camps-Lac-Gouin-3-Chalet-1-768x612.jpg 768w\" sizes=\"auto, (max-width: 870px) 100vw, 870px\" \/><\/div>\t\t<\/div>\r\n\t\t\t<\/article>\r\n\t<article class=\"w-grid-item size_1x1 post-1784 attachment type-attachment status-inherit hentry\" data-id=\"1784\">\r\n\t\t<div class=\"w-grid-item-h\">\r\n\t\t\t\t\t\t\t<a ref=\"magnificPopupGrid\" href=\"https:\/\/www.caesars-northcamps.com\/wp-content\/uploads\/2018\/01\/Caesars-North-Camps-Lac-Gouin-3-Chalet-2.jpg\" class=\"w-grid-item-anchor\" aria-label=\"Caesars-North-Camps-Lac-Gouin-3-Chalet-2\"><\/a>\r\n\t\t\t\t\t\t<div class=\"w-post-elm post_image usg_post_image_1 stretched\"><img loading=\"lazy\" decoding=\"async\" width=\"870\" height=\"693\" src=\"https:\/\/www.caesars-northcamps.com\/wp-content\/uploads\/2018\/01\/Caesars-North-Camps-Lac-Gouin-3-Chalet-2.jpg\" class=\"attachment-full size-full\" alt=\"\" srcset=\"https:\/\/www.caesars-northcamps.com\/wp-content\/uploads\/2018\/01\/Caesars-North-Camps-Lac-Gouin-3-Chalet-2.jpg 870w, https:\/\/www.caesars-northcamps.com\/wp-content\/uploads\/2018\/01\/Caesars-North-Camps-Lac-Gouin-3-Chalet-2-300x239.jpg 300w, https:\/\/www.caesars-northcamps.com\/wp-content\/uploads\/2018\/01\/Caesars-North-Camps-Lac-Gouin-3-Chalet-2-768x612.jpg 768w\" sizes=\"auto, (max-width: 870px) 100vw, 870px\" \/><\/div>\t\t<\/div>\r\n\t\t\t<\/article>\r\n\t<article class=\"w-grid-item size_1x1 post-1785 attachment type-attachment status-inherit hentry\" data-id=\"1785\">\r\n\t\t<div class=\"w-grid-item-h\">\r\n\t\t\t\t\t\t\t<a ref=\"magnificPopupGrid\" href=\"https:\/\/www.caesars-northcamps.com\/wp-content\/uploads\/2018\/01\/Caesars-North-Camps-Lac-Gouin-3-Photo-1.jpg\" class=\"w-grid-item-anchor\" aria-label=\"Caesars-North-Camps-Lac-Gouin-3-Photo-1\"><\/a>\r\n\t\t\t\t\t\t<div class=\"w-post-elm post_image usg_post_image_1 stretched\"><img loading=\"lazy\" decoding=\"async\" width=\"870\" height=\"653\" src=\"https:\/\/www.caesars-northcamps.com\/wp-content\/uploads\/2018\/01\/Caesars-North-Camps-Lac-Gouin-3-Photo-1.jpg\" class=\"attachment-full size-full\" alt=\"\" srcset=\"https:\/\/www.caesars-northcamps.com\/wp-content\/uploads\/2018\/01\/Caesars-North-Camps-Lac-Gouin-3-Photo-1.jpg 870w, https:\/\/www.caesars-northcamps.com\/wp-content\/uploads\/2018\/01\/Caesars-North-Camps-Lac-Gouin-3-Photo-1-300x225.jpg 300w, https:\/\/www.caesars-northcamps.com\/wp-content\/uploads\/2018\/01\/Caesars-North-Camps-Lac-Gouin-3-Photo-1-768x576.jpg 768w\" sizes=\"auto, (max-width: 870px) 100vw, 870px\" \/><\/div>\t\t<\/div>\r\n\t\t\t<\/article>\r\n\t<article class=\"w-grid-item size_1x1 post-1787 attachment type-attachment status-inherit hentry\" data-id=\"1787\">\r\n\t\t<div class=\"w-grid-item-h\">\r\n\t\t\t\t\t\t\t<a ref=\"magnificPopupGrid\" href=\"https:\/\/www.caesars-northcamps.com\/wp-content\/uploads\/2018\/01\/Caesars-North-Camps-Lac-Gouin-3-Photo-3.jpg\" class=\"w-grid-item-anchor\" aria-label=\"Caesars-North-Camps-Lac-Gouin-3-Photo-3\"><\/a>\r\n\t\t\t\t\t\t<div class=\"w-post-elm post_image usg_post_image_1 stretched\"><img loading=\"lazy\" decoding=\"async\" width=\"870\" height=\"653\" src=\"https:\/\/www.caesars-northcamps.com\/wp-content\/uploads\/2018\/01\/Caesars-North-Camps-Lac-Gouin-3-Photo-3.jpg\" class=\"attachment-full size-full\" alt=\"\" srcset=\"https:\/\/www.caesars-northcamps.com\/wp-content\/uploads\/2018\/01\/Caesars-North-Camps-Lac-Gouin-3-Photo-3.jpg 870w, https:\/\/www.caesars-northcamps.com\/wp-content\/uploads\/2018\/01\/Caesars-North-Camps-Lac-Gouin-3-Photo-3-300x225.jpg 300w, https:\/\/www.caesars-northcamps.com\/wp-content\/uploads\/2018\/01\/Caesars-North-Camps-Lac-Gouin-3-Photo-3-768x576.jpg 768w\" sizes=\"auto, (max-width: 870px) 100vw, 870px\" \/><\/div>\t\t<\/div>\r\n\t\t\t<\/article>\r\n<\/div><div class=\"g-loadmore hidden\"><div class=\"g-preloader type_1\"><div><\/div><\/div><\/div><div class=\"w-grid-list-json hidden\" onclick='return {&quot;max_num_pages&quot;:0,&quot;paginationBase&quot;:&quot;page&quot;,&quot;pagination&quot;:&quot;none&quot;,&quot;paged&quot;:1,&quot;ajaxData&quot;:{&quot;action&quot;:&quot;us_ajax_post_list&quot;,&quot;meta_type&quot;:&quot;post&quot;,&quot;object_id&quot;:0,&quot;template_vars&quot;:{&quot;shortcode_base&quot;:&quot;us_post_list&quot;,&quot;paged&quot;:1,&quot;max_num_pages&quot;:0,&quot;no_results&quot;:false,&quot;us_post_content_design_css&quot;:[],&quot;found_posts&quot;:0,&quot;per_page&quot;:999,&quot;items_count&quot;:6,&quot;orderby_random_seed&quot;:null,&quot;source&quot;:&quot;media&quot;,&quot;ids&quot;:&quot;&quot;,&quot;post_type&quot;:&quot;&quot;,&quot;attachment_ids&quot;:&quot;693,695,690,691,692,694&quot;,&quot;include_post_thumbnail&quot;:0,&quot;post_author&quot;:&quot;any&quot;,&quot;post_author_ids&quot;:&quot;&quot;,&quot;apply_url_params&quot;:&quot;1&quot;,&quot;ignore_sticky_posts&quot;:&quot;0&quot;,&quot;exclude_children&quot;:0,&quot;exclude_current_post&quot;:1,&quot;exclude_prev_posts&quot;:0,&quot;exclude_past_events&quot;:&quot;1&quot;,&quot;enable_items_offset&quot;:0,&quot;items_offset&quot;:&quot;1&quot;,&quot;tax_query_relation&quot;:&quot;none&quot;,&quot;tax_query&quot;:[{&quot;operator&quot;:&quot;IN&quot;,&quot;taxonomy&quot;:&quot;category&quot;,&quot;terms&quot;:&quot;&quot;,&quot;include_children&quot;:0}],&quot;meta_query_relation&quot;:&quot;none&quot;,&quot;meta_query&quot;:[{&quot;key&quot;:&quot;custom_field_name&quot;,&quot;compare&quot;:&quot;=&quot;,&quot;value&quot;:&quot;&quot;}],&quot;orderby&quot;:&quot;post__in&quot;,&quot;orderby_custom_field&quot;:&quot;&quot;,&quot;orderby_custom_type&quot;:0,&quot;order_invert&quot;:&quot;1&quot;,&quot;show_all&quot;:&quot;1&quot;,&quot;quantity&quot;:&quot;12&quot;,&quot;posts_per_archive_page&quot;:0,&quot;no_items_action&quot;:&quot;message&quot;,&quot;no_items_message&quot;:&quot;Aucun r\\u00e9sultat.&quot;,&quot;no_items_page_block&quot;:&quot;&quot;,&quot;pagination&quot;:&quot;none&quot;,&quot;pagination_style&quot;:&quot;&quot;,&quot;pagination_btn_text&quot;:&quot;Charger plus&quot;,&quot;pagination_btn_size&quot;:&quot;&quot;,&quot;pagination_btn_style&quot;:&quot;1&quot;,&quot;pagination_btn_fullwidth&quot;:0,&quot;items_layout&quot;:&quot;gallery_default&quot;,&quot;type&quot;:&quot;grid&quot;,&quot;items_valign&quot;:0,&quot;ignore_items_size&quot;:0,&quot;columns&quot;:&quot;3&quot;,&quot;items_gap&quot;:&quot;4px&quot;,&quot;load_animation&quot;:&quot;none&quot;,&quot;items_preload_style&quot;:&quot;spinner&quot;,&quot;img_size&quot;:&quot;full&quot;,&quot;title_size&quot;:&quot;&quot;,&quot;items_ratio&quot;:&quot;default&quot;,&quot;items_ratio_width&quot;:&quot;21&quot;,&quot;items_ratio_height&quot;:&quot;9&quot;,&quot;overriding_link&quot;:&quot;%7B%22type%22%3A%22popup_image%22%7D&quot;,&quot;popup_page_template&quot;:&quot;0&quot;,&quot;popup_width&quot;:&quot;&quot;,&quot;popup_arrows&quot;:1,&quot;breakpoint_1_width&quot;:&quot;1281px&quot;,&quot;breakpoint_1_cols&quot;:&quot;3&quot;,&quot;breakpoint_1_quantity&quot;:&quot;&quot;,&quot;breakpoint_1_gap&quot;:&quot;&quot;,&quot;breakpoint_2_width&quot;:&quot;768px&quot;,&quot;breakpoint_2_cols&quot;:&quot;3&quot;,&quot;breakpoint_2_quantity&quot;:&quot;&quot;,&quot;breakpoint_2_gap&quot;:&quot;&quot;,&quot;breakpoint_3_width&quot;:&quot;480px&quot;,&quot;breakpoint_3_cols&quot;:&quot;2&quot;,&quot;breakpoint_3_quantity&quot;:&quot;&quot;,&quot;breakpoint_3_gap&quot;:&quot;&quot;,&quot;conditions_operator&quot;:&quot;always&quot;,&quot;conditions&quot;:[],&quot;css&quot;:null,&quot;el_class&quot;:&quot;&quot;,&quot;el_id&quot;:&quot;&quot;,&quot;enable_custom_html_atts&quot;:0,&quot;custom_html_atts&quot;:null,&quot;hide_on_states&quot;:&quot;&quot;,&quot;hide_for_sticky&quot;:0,&quot;hide_for_not_sticky&quot;:0,&quot;hide_below&quot;:&quot;0px&quot;,&quot;hide_above&quot;:&quot;0px&quot;,&quot;classes&quot;:&quot;&quot;},&quot;found_posts&quot;:0,&quot;per_page&quot;:999,&quot;list_filters&quot;:&quot;[]&quot;},&quot;facetedFilter&quot;:{&quot;query_args_unfiltered&quot;:&quot;{\\&quot;ignore_sticky_posts\\&quot;:false,\\&quot;post__not_in\\&quot;:[],\\&quot;tax_query\\&quot;:[],\\&quot;meta_query\\&quot;:[],\\&quot;posts_per_page\\&quot;:999,\\&quot;paged\\&quot;:1,\\&quot;apply_list_url_params\\&quot;:true,\\&quot;post_type\\&quot;:\\&quot;attachment\\&quot;,\\&quot;no_found_rows\\&quot;:true,\\&quot;post_status\\&quot;:\\&quot;inherit\\&quot;,\\&quot;post_mime_type\\&quot;:\\&quot;image\\&quot;,\\&quot;post__in\\&quot;:[\\&quot;693\\&quot;,\\&quot;695\\&quot;,\\&quot;690\\&quot;,\\&quot;691\\&quot;,\\&quot;692\\&quot;,\\&quot;694\\&quot;]}&quot;}}'><\/div><\/div><div class=\"w-separator size_custom\" style=\"height:15px\"><\/div><div class=\"w-btn-wrapper align_none\"><a class=\"w-btn us-btn-style_1\" href=\"https:\/\/www.caesars-northcamps.com\/fr\/peche\/lacs\/gouin-3\/reservoir-gouin-3-interieur-chalet\/\"><span class=\"w-btn-label\">Int\u00e9rieur du chalet<\/span><\/a><\/div><div class=\"w-btn-wrapper align_none\"><a class=\"w-btn us-btn-style_1\" href=\"https:\/\/www.caesars-northcamps.com\/fr\/contactez-nous\/\"><span class=\"w-btn-label\">R\u00e9servez votre s\u00e9jour<\/span><\/a><\/div><div class=\"w-separator size_custom\" style=\"height:40px\"><\/div><div class=\"w-image align_left\"><div class=\"w-image-h\"><img decoding=\"async\" width=\"638\" height=\"896\" src=\"https:\/\/www.caesars-northcamps.com\/wp-content\/uploads\/2018\/01\/caesar-north-camp-lakes-reservoir-gouin-3-map.jpg\" class=\"attachment-full size-full\" alt=\"\" loading=\"lazy\" srcset=\"https:\/\/www.caesars-northcamps.com\/wp-content\/uploads\/2018\/01\/caesar-north-camp-lakes-reservoir-gouin-3-map.jpg 638w, https:\/\/www.caesars-northcamps.com\/wp-content\/uploads\/2018\/01\/caesar-north-camp-lakes-reservoir-gouin-3-map-214x300.jpg 214w\" sizes=\"auto, (max-width: 638px) 100vw, 638px\" \/><\/div><\/div><\/div><\/div><\/div><\/div><\/div><\/section>\n","protected":false},"excerpt":{"rendered":"","protected":false},"author":1,"featured_media":0,"parent":931,"menu_order":0,"comment_status":"closed","ping_status":"closed","template":"","meta":{"footnotes":""},"class_list":["post-951","page","type-page","status-publish","hentry"],"yoast_head":"<!-- This site is optimized with the Yoast SEO plugin v27.2 - https:\/\/yoast.com\/product\/yoast-seo-wordpress\/ -->\n<title>La p\u00eache aux dor\u00e9s et brochets sur le Gouin 3 | Caesar&#039;s North Camps<\/title>\n<meta name=\"description\" content=\"Au Nord du Qu\u00e9bec, nous vous offrons les meilleurs lacs pour la p\u00eache aux dor\u00e9s et aux brochets. Au r\u00e9servoir Gouin 3, vous aurez le plus beau voyage!\" \/>\n<meta name=\"robots\" content=\"index, follow, max-snippet:-1, max-image-preview:large, max-video-preview:-1\" \/>\n<link rel=\"canonical\" href=\"https:\/\/www.caesars-northcamps.com\/fr\/peche\/lacs\/gouin-3\/\" \/>\n<meta property=\"og:locale\" content=\"fr_FR\" \/>\n<meta property=\"og:type\" content=\"article\" \/>\n<meta property=\"og:title\" content=\"La p\u00eache aux dor\u00e9s et brochets sur le Gouin 3 | Caesar&#039;s North Camps\" \/>\n<meta property=\"og:description\" content=\"Au Nord du Qu\u00e9bec, nous vous offrons les meilleurs lacs pour la p\u00eache aux dor\u00e9s et aux brochets. Au r\u00e9servoir Gouin 3, vous aurez le plus beau voyage!\" \/>\n<meta property=\"og:url\" content=\"https:\/\/www.caesars-northcamps.com\/fr\/peche\/lacs\/gouin-3\/\" \/>\n<meta property=\"og:site_name\" content=\"Caesar&#039;s North Camps\" \/>\n<meta property=\"article:modified_time\" content=\"2026-01-20T08:17:31+00:00\" \/>\n<meta name=\"twitter:card\" content=\"summary_large_image\" \/>\n<meta name=\"twitter:label1\" content=\"Dur\u00e9e de lecture estim\u00e9e\" \/>\n\t<meta name=\"twitter:data1\" content=\"1 minute\" \/>\n<script type=\"application\/ld+json\" class=\"yoast-schema-graph\">{\"@context\":\"https:\/\/schema.org\",\"@graph\":[{\"@type\":\"WebPage\",\"@id\":\"https:\/\/www.caesars-northcamps.com\/fr\/peche\/lacs\/gouin-3\/\",\"url\":\"https:\/\/www.caesars-northcamps.com\/fr\/peche\/lacs\/gouin-3\/\",\"name\":\"La p\u00eache aux dor\u00e9s et brochets sur le Gouin 3 | Caesar's North Camps\",\"isPartOf\":{\"@id\":\"https:\/\/www.caesars-northcamps.com\/#website\"},\"datePublished\":\"2018-01-18T10:40:54+00:00\",\"dateModified\":\"2026-01-20T08:17:31+00:00\",\"description\":\"Au Nord du Qu\u00e9bec, nous vous offrons les meilleurs lacs pour la p\u00eache aux dor\u00e9s et aux brochets. Au r\u00e9servoir Gouin 3, vous aurez le plus beau voyage!\",\"breadcrumb\":{\"@id\":\"https:\/\/www.caesars-northcamps.com\/fr\/peche\/lacs\/gouin-3\/#breadcrumb\"},\"inLanguage\":\"fr-FR\",\"potentialAction\":[{\"@type\":\"ReadAction\",\"target\":[\"https:\/\/www.caesars-northcamps.com\/fr\/peche\/lacs\/gouin-3\/\"]}]},{\"@type\":\"BreadcrumbList\",\"@id\":\"https:\/\/www.caesars-northcamps.com\/fr\/peche\/lacs\/gouin-3\/#breadcrumb\",\"itemListElement\":[{\"@type\":\"ListItem\",\"position\":1,\"name\":\"Accueil\",\"item\":\"https:\/\/www.caesars-northcamps.com\/fr\/\"},{\"@type\":\"ListItem\",\"position\":2,\"name\":\"P\u00eache\",\"item\":\"https:\/\/www.caesars-northcamps.com\/fr\/peche\/\"},{\"@type\":\"ListItem\",\"position\":3,\"name\":\"Lacs\",\"item\":\"https:\/\/www.caesars-northcamps.com\/fr\/peche\/lacs\/\"},{\"@type\":\"ListItem\",\"position\":4,\"name\":\"R\u00e9servoir Gouin 3\"}]},{\"@type\":\"WebSite\",\"@id\":\"https:\/\/www.caesars-northcamps.com\/#website\",\"url\":\"https:\/\/www.caesars-northcamps.com\/\",\"name\":\"Caesar&#039;s North Camps\",\"description\":\"Best Fly-in fishing and hunting trips in Northern Quebec\",\"potentialAction\":[{\"@type\":\"SearchAction\",\"target\":{\"@type\":\"EntryPoint\",\"urlTemplate\":\"https:\/\/www.caesars-northcamps.com\/?s={search_term_string}\"},\"query-input\":{\"@type\":\"PropertyValueSpecification\",\"valueRequired\":true,\"valueName\":\"search_term_string\"}}],\"inLanguage\":\"fr-FR\"}]}<\/script>\n<!-- \/ Yoast SEO plugin. -->","yoast_head_json":{"title":"La p\u00eache aux dor\u00e9s et brochets sur le Gouin 3 | Caesar's North Camps","description":"Au Nord du Qu\u00e9bec, nous vous offrons les meilleurs lacs pour la p\u00eache aux dor\u00e9s et aux brochets. Au r\u00e9servoir Gouin 3, vous aurez le plus beau voyage!","robots":{"index":"index","follow":"follow","max-snippet":"max-snippet:-1","max-image-preview":"max-image-preview:large","max-video-preview":"max-video-preview:-1"},"canonical":"https:\/\/www.caesars-northcamps.com\/fr\/peche\/lacs\/gouin-3\/","og_locale":"fr_FR","og_type":"article","og_title":"La p\u00eache aux dor\u00e9s et brochets sur le Gouin 3 | Caesar's North Camps","og_description":"Au Nord du Qu\u00e9bec, nous vous offrons les meilleurs lacs pour la p\u00eache aux dor\u00e9s et aux brochets. Au r\u00e9servoir Gouin 3, vous aurez le plus beau voyage!","og_url":"https:\/\/www.caesars-northcamps.com\/fr\/peche\/lacs\/gouin-3\/","og_site_name":"Caesar&#039;s North Camps","article_modified_time":"2026-01-20T08:17:31+00:00","twitter_card":"summary_large_image","twitter_misc":{"Dur\u00e9e de lecture estim\u00e9e":"1 minute"},"schema":{"@context":"https:\/\/schema.org","@graph":[{"@type":"WebPage","@id":"https:\/\/www.caesars-northcamps.com\/fr\/peche\/lacs\/gouin-3\/","url":"https:\/\/www.caesars-northcamps.com\/fr\/peche\/lacs\/gouin-3\/","name":"La p\u00eache aux dor\u00e9s et brochets sur le Gouin 3 | Caesar's North Camps","isPartOf":{"@id":"https:\/\/www.caesars-northcamps.com\/#website"},"datePublished":"2018-01-18T10:40:54+00:00","dateModified":"2026-01-20T08:17:31+00:00","description":"Au Nord du Qu\u00e9bec, nous vous offrons les meilleurs lacs pour la p\u00eache aux dor\u00e9s et aux brochets. Au r\u00e9servoir Gouin 3, vous aurez le plus beau voyage!","breadcrumb":{"@id":"https:\/\/www.caesars-northcamps.com\/fr\/peche\/lacs\/gouin-3\/#breadcrumb"},"inLanguage":"fr-FR","potentialAction":[{"@type":"ReadAction","target":["https:\/\/www.caesars-northcamps.com\/fr\/peche\/lacs\/gouin-3\/"]}]},{"@type":"BreadcrumbList","@id":"https:\/\/www.caesars-northcamps.com\/fr\/peche\/lacs\/gouin-3\/#breadcrumb","itemListElement":[{"@type":"ListItem","position":1,"name":"Accueil","item":"https:\/\/www.caesars-northcamps.com\/fr\/"},{"@type":"ListItem","position":2,"name":"P\u00eache","item":"https:\/\/www.caesars-northcamps.com\/fr\/peche\/"},{"@type":"ListItem","position":3,"name":"Lacs","item":"https:\/\/www.caesars-northcamps.com\/fr\/peche\/lacs\/"},{"@type":"ListItem","position":4,"name":"R\u00e9servoir Gouin 3"}]},{"@type":"WebSite","@id":"https:\/\/www.caesars-northcamps.com\/#website","url":"https:\/\/www.caesars-northcamps.com\/","name":"Caesar&#039;s North Camps","description":"Best Fly-in fishing and hunting trips in Northern Quebec","potentialAction":[{"@type":"SearchAction","target":{"@type":"EntryPoint","urlTemplate":"https:\/\/www.caesars-northcamps.com\/?s={search_term_string}"},"query-input":{"@type":"PropertyValueSpecification","valueRequired":true,"valueName":"search_term_string"}}],"inLanguage":"fr-FR"}]}},"_links":{"self":[{"href":"https:\/\/www.caesars-northcamps.com\/fr\/wp-json\/wp\/v2\/pages\/951","targetHints":{"allow":["GET"]}}],"collection":[{"href":"https:\/\/www.caesars-northcamps.com\/fr\/wp-json\/wp\/v2\/pages"}],"about":[{"href":"https:\/\/www.caesars-northcamps.com\/fr\/wp-json\/wp\/v2\/types\/page"}],"author":[{"embeddable":true,"href":"https:\/\/www.caesars-northcamps.com\/fr\/wp-json\/wp\/v2\/users\/1"}],"replies":[{"embeddable":true,"href":"https:\/\/www.caesars-northcamps.com\/fr\/wp-json\/wp\/v2\/comments?post=951"}],"version-history":[{"count":8,"href":"https:\/\/www.caesars-northcamps.com\/fr\/wp-json\/wp\/v2\/pages\/951\/revisions"}],"predecessor-version":[{"id":3198,"href":"https:\/\/www.caesars-northcamps.com\/fr\/wp-json\/wp\/v2\/pages\/951\/revisions\/3198"}],"up":[{"embeddable":true,"href":"https:\/\/www.caesars-northcamps.com\/fr\/wp-json\/wp\/v2\/pages\/931"}],"wp:attachment":[{"href":"https:\/\/www.caesars-northcamps.com\/fr\/wp-json\/wp\/v2\/media?parent=951"}],"curies":[{"name":"wp","href":"https:\/\/api.w.org\/{rel}","templated":true}]}}