{"id":931,"date":"2018-01-18T11:36:30","date_gmt":"2018-01-18T10:36:30","guid":{"rendered":"http:\/\/www.caesars-northcamps.com\/?page_id=931"},"modified":"2025-01-06T09:59:29","modified_gmt":"2025-01-06T08:59:29","slug":"lacs","status":"publish","type":"page","link":"https:\/\/www.caesars-northcamps.com\/fr\/peche\/lacs\/","title":{"rendered":"Lacs"},"content":{"rendered":"<section class=\"l-section wpb_row height_medium\"><div class=\"l-section-h i-cf\"><div class=\"g-cols vc_row via_flex valign_top type_default stacking_default\"><div class=\"vc_col-sm-12 wpb_column vc_column_container\"><div class=\"vc_column-inner\"><div class=\"wpb_wrapper\"><div class=\"wpb_text_column\"><div class=\"wpb_wrapper\"><h2>R\u00e9servoir Gouin<\/h2>\n<\/div><\/div><div class=\"g-cols wpb_row via_flex valign_top type_default stacking_default\"><div class=\"vc_col-sm-3 wpb_column vc_column_container\"><div class=\"vc_column-inner\"><div class=\"wpb_wrapper\"><div class=\"w-image cnc-img-lake align_center\"><a href=\"https:\/\/www.caesars-northcamps.com\/fr\/peche\/lacs\/gouin-1\/\" aria-label=\"caesar-north-camp-lake-gouin1\" class=\"w-image-h\"><img decoding=\"async\" width=\"309\" height=\"246\" src=\"https:\/\/www.caesars-northcamps.com\/wp-content\/uploads\/2017\/12\/caesar-north-camp-lake-gouin1.jpg\" class=\"attachment-full size-full\" alt=\"\" loading=\"lazy\" srcset=\"https:\/\/www.caesars-northcamps.com\/wp-content\/uploads\/2017\/12\/caesar-north-camp-lake-gouin1.jpg 309w, https:\/\/www.caesars-northcamps.com\/wp-content\/uploads\/2017\/12\/caesar-north-camp-lake-gouin1-300x239.jpg 300w\" sizes=\"auto, (max-width: 309px) 100vw, 309px\" \/><\/a><\/div><div class=\"wpb_text_column cnc-lk-lake\"><div class=\"wpb_wrapper\"><h3 style=\"text-align: center;\"><a href=\"\/?page_id=947\">Gouin 1<\/a><\/h3>\n<\/div><\/div><\/div><\/div><\/div><div class=\"vc_col-sm-3 wpb_column vc_column_container\"><div class=\"vc_column-inner\"><div class=\"wpb_wrapper\"><div class=\"w-image cnc-img-lake align_center\"><a href=\"https:\/\/www.caesars-northcamps.com\/fr\/peche\/lacs\/gouin-2\/\" aria-label=\"caesar-north-camp-lacs-gouin-2\" class=\"w-image-h\"><img decoding=\"async\" width=\"800\" height=\"637\" src=\"https:\/\/www.caesars-northcamps.com\/wp-content\/uploads\/2022\/05\/caesar-north-camp-lacs-gouin-2.jpg\" class=\"attachment-full size-full\" alt=\"\" loading=\"lazy\" srcset=\"https:\/\/www.caesars-northcamps.com\/wp-content\/uploads\/2022\/05\/caesar-north-camp-lacs-gouin-2.jpg 800w, https:\/\/www.caesars-northcamps.com\/wp-content\/uploads\/2022\/05\/caesar-north-camp-lacs-gouin-2-300x239.jpg 300w, https:\/\/www.caesars-northcamps.com\/wp-content\/uploads\/2022\/05\/caesar-north-camp-lacs-gouin-2-768x612.jpg 768w\" sizes=\"auto, (max-width: 800px) 100vw, 800px\" \/><\/a><\/div><div class=\"wpb_text_column cnc-lk-lake\"><div class=\"wpb_wrapper\"><h3 style=\"text-align: center;\"><a href=\"\/?page_id=949\">Gouin 2<\/a><\/h3>\n<\/div><\/div><\/div><\/div><\/div><div class=\"vc_col-sm-3 wpb_column vc_column_container\"><div class=\"vc_column-inner\"><div class=\"wpb_wrapper\"><div class=\"w-image cnc-img-lake align_center\"><a href=\"https:\/\/www.caesars-northcamps.com\/fr\/peche\/lacs\/gouin-3\/\" aria-label=\"caesar-north-camp-lake-gouin3\" class=\"w-image-h\"><img decoding=\"async\" width=\"309\" height=\"246\" src=\"https:\/\/www.caesars-northcamps.com\/wp-content\/uploads\/2017\/12\/caesar-north-camp-lake-gouin3.jpg\" class=\"attachment-full size-full\" alt=\"\" loading=\"lazy\" srcset=\"https:\/\/www.caesars-northcamps.com\/wp-content\/uploads\/2017\/12\/caesar-north-camp-lake-gouin3.jpg 309w, https:\/\/www.caesars-northcamps.com\/wp-content\/uploads\/2017\/12\/caesar-north-camp-lake-gouin3-300x239.jpg 300w\" sizes=\"auto, (max-width: 309px) 100vw, 309px\" \/><\/a><\/div><div class=\"wpb_text_column cnc-lk-lake\"><div class=\"wpb_wrapper\"><h3 style=\"text-align: center;\"><a href=\"\/?page_id=951\">Gouin 3<\/a><\/h3>\n<\/div><\/div><\/div><\/div><\/div><div class=\"vc_col-sm-3 wpb_column vc_column_container\"><div class=\"vc_column-inner\"><div class=\"wpb_wrapper\"><div class=\"w-image cnc-img-lake align_center\"><a href=\"https:\/\/www.caesars-northcamps.com\/fr\/peche\/lacs\/gouin-4\/\" aria-label=\"caesar-north-camp-lake-gouin4\" class=\"w-image-h\"><img decoding=\"async\" width=\"309\" height=\"246\" src=\"https:\/\/www.caesars-northcamps.com\/wp-content\/uploads\/2017\/12\/caesar-north-camp-lake-gouin4.jpg\" class=\"attachment-full size-full\" alt=\"\" loading=\"lazy\" srcset=\"https:\/\/www.caesars-northcamps.com\/wp-content\/uploads\/2017\/12\/caesar-north-camp-lake-gouin4.jpg 309w, https:\/\/www.caesars-northcamps.com\/wp-content\/uploads\/2017\/12\/caesar-north-camp-lake-gouin4-300x239.jpg 300w\" sizes=\"auto, (max-width: 309px) 100vw, 309px\" \/><\/a><\/div><div class=\"wpb_text_column cnc-lk-lake\"><div class=\"wpb_wrapper\"><h3 style=\"text-align: center;\"><a href=\"\/?page_id=953\">Gouin 4<\/a><\/h3>\n<\/div><\/div><\/div><\/div><\/div><\/div><div class=\"w-separator size_custom\" style=\"height:32px\"><\/div><div class=\"g-cols wpb_row via_flex valign_top type_default stacking_default\"><div class=\"vc_col-sm-3 wpb_column vc_column_container\"><div class=\"vc_column-inner\"><div class=\"wpb_wrapper\"><div class=\"w-image cnc-img-lake align_center\"><a href=\"https:\/\/www.caesars-northcamps.com\/fr\/peche\/lacs\/hanotaux\/\" aria-label=\"caesar-north-camp-lake-hanotaux\" class=\"w-image-h\"><img decoding=\"async\" width=\"309\" height=\"246\" src=\"https:\/\/www.caesars-northcamps.com\/wp-content\/uploads\/2017\/12\/caesar-north-camp-lake-hanotaux.jpg\" class=\"attachment-full size-full\" alt=\"\" loading=\"lazy\" srcset=\"https:\/\/www.caesars-northcamps.com\/wp-content\/uploads\/2017\/12\/caesar-north-camp-lake-hanotaux.jpg 309w, https:\/\/www.caesars-northcamps.com\/wp-content\/uploads\/2017\/12\/caesar-north-camp-lake-hanotaux-300x239.jpg 300w\" sizes=\"auto, (max-width: 309px) 100vw, 309px\" \/><\/a><\/div><div class=\"wpb_text_column cnc-lk-lake\"><div class=\"wpb_wrapper\"><h3 style=\"text-align: center;\"><a href=\"\/?page_id=935\">Hanotaux<\/a><\/h3>\n<\/div><\/div><\/div><\/div><\/div><div class=\"vc_col-sm-3 wpb_column vc_column_container\"><div class=\"vc_column-inner\"><div class=\"wpb_wrapper\"><div class=\"w-image cnc-img-lake align_center\"><a href=\"https:\/\/www.caesars-northcamps.com\/fr\/peche\/lacs\/lac-super\/\" aria-label=\"caesar-north-camp-lake-super\" class=\"w-image-h\"><img decoding=\"async\" width=\"309\" height=\"246\" src=\"https:\/\/www.caesars-northcamps.com\/wp-content\/uploads\/2017\/12\/caesar-north-camp-lake-super.jpg\" class=\"attachment-full size-full\" alt=\"\" loading=\"lazy\" srcset=\"https:\/\/www.caesars-northcamps.com\/wp-content\/uploads\/2017\/12\/caesar-north-camp-lake-super.jpg 309w, https:\/\/www.caesars-northcamps.com\/wp-content\/uploads\/2017\/12\/caesar-north-camp-lake-super-300x239.jpg 300w\" sizes=\"auto, (max-width: 309px) 100vw, 309px\" \/><\/a><\/div><div class=\"wpb_text_column cnc-lk-lake\"><div class=\"wpb_wrapper\"><h3 style=\"text-align: center;\"><a href=\"\/?page_id=957\">Super<\/a><\/h3>\n<\/div><\/div><\/div><\/div><\/div><div class=\"vc_col-sm-3 wpb_column vc_column_container\"><div class=\"vc_column-inner\"><div class=\"wpb_wrapper\"><\/div><\/div><\/div><div class=\"vc_col-sm-3 wpb_column vc_column_container\"><div class=\"vc_column-inner\"><div class=\"wpb_wrapper\"><\/div><\/div><\/div><\/div><\/div><\/div><\/div><\/div><\/div><\/section><section class=\"l-section wpb_row height_medium\"><div class=\"l-section-h i-cf\"><div class=\"g-cols vc_row via_flex valign_top type_default stacking_default\"><div class=\"vc_col-sm-12 wpb_column vc_column_container\"><div class=\"vc_column-inner\"><div class=\"wpb_wrapper\"><div class=\"wpb_text_column\"><div class=\"wpb_wrapper\"><h2>Lacs Priv\u00e9s<\/h2>\n<\/div><\/div><div class=\"g-cols wpb_row via_flex valign_top type_default stacking_default\"><div class=\"vc_col-sm-3 wpb_column vc_column_container\"><div class=\"vc_column-inner\"><div class=\"wpb_wrapper\"><div class=\"w-image cnc-img-lake align_center\"><a href=\"https:\/\/www.caesars-northcamps.com\/fr\/peche\/lacs\/lac-bob\/\" aria-label=\"caesar-north-camp-lake-bob-lake\" class=\"w-image-h\"><img decoding=\"async\" width=\"309\" height=\"246\" src=\"https:\/\/www.caesars-northcamps.com\/wp-content\/uploads\/2017\/12\/caesar-north-camp-lake-bob-lake.jpg\" class=\"attachment-full size-full\" alt=\"\" loading=\"lazy\" srcset=\"https:\/\/www.caesars-northcamps.com\/wp-content\/uploads\/2017\/12\/caesar-north-camp-lake-bob-lake.jpg 309w, https:\/\/www.caesars-northcamps.com\/wp-content\/uploads\/2017\/12\/caesar-north-camp-lake-bob-lake-300x239.jpg 300w\" sizes=\"auto, (max-width: 309px) 100vw, 309px\" \/><\/a><\/div><div class=\"wpb_text_column cnc-lk-lake\"><div class=\"wpb_wrapper\"><h3 style=\"text-align: center;\"><a href=\"\/?page_id=933\">Lac Bob<\/a><\/h3>\n<\/div><\/div><\/div><\/div><\/div><div class=\"vc_col-sm-3 wpb_column vc_column_container\"><div class=\"vc_column-inner\"><div class=\"wpb_wrapper\"><div class=\"w-image cnc-img-lake align_center\"><a href=\"https:\/\/www.caesars-northcamps.com\/fr\/peche\/lacs\/larouche\/\" aria-label=\"caesar-north-camp-lake-larouche\" class=\"w-image-h\"><img decoding=\"async\" width=\"309\" height=\"246\" src=\"https:\/\/www.caesars-northcamps.com\/wp-content\/uploads\/2017\/12\/caesar-north-camp-lake-larouche.jpg\" class=\"attachment-full size-full\" alt=\"\" loading=\"lazy\" srcset=\"https:\/\/www.caesars-northcamps.com\/wp-content\/uploads\/2017\/12\/caesar-north-camp-lake-larouche.jpg 309w, https:\/\/www.caesars-northcamps.com\/wp-content\/uploads\/2017\/12\/caesar-north-camp-lake-larouche-300x239.jpg 300w\" sizes=\"auto, (max-width: 309px) 100vw, 309px\" \/><\/a><\/div><div class=\"wpb_text_column cnc-lk-lake\"><div class=\"wpb_wrapper\"><h3 style=\"text-align: center;\"><a href=\"\/?page_id=939\">Larouche<\/a><\/h3>\n<\/div><\/div><\/div><\/div><\/div><div class=\"vc_col-sm-3 wpb_column vc_column_container\"><div class=\"vc_column-inner\"><div class=\"wpb_wrapper\"><div class=\"w-image cnc-img-lake align_center\"><a href=\"https:\/\/www.caesars-northcamps.com\/fr\/peche\/lacs\/lac-nancy\/\" aria-label=\"caesar-north-camp-lake-nancy-lake\" class=\"w-image-h\"><img decoding=\"async\" width=\"309\" height=\"246\" src=\"https:\/\/www.caesars-northcamps.com\/wp-content\/uploads\/2017\/12\/caesar-north-camp-lake-nancy-lake.jpg\" class=\"attachment-full size-full\" alt=\"\" loading=\"lazy\" srcset=\"https:\/\/www.caesars-northcamps.com\/wp-content\/uploads\/2017\/12\/caesar-north-camp-lake-nancy-lake.jpg 309w, https:\/\/www.caesars-northcamps.com\/wp-content\/uploads\/2017\/12\/caesar-north-camp-lake-nancy-lake-300x239.jpg 300w\" sizes=\"auto, (max-width: 309px) 100vw, 309px\" \/><\/a><\/div><div class=\"wpb_text_column cnc-lk-lake\"><div class=\"wpb_wrapper\"><h3 style=\"text-align: center;\"><a href=\"\/?page_id=945\">Lac Nancy<\/a><\/h3>\n<\/div><\/div><\/div><\/div><\/div><div class=\"vc_col-sm-3 wpb_column vc_column_container\"><div class=\"vc_column-inner\"><div class=\"wpb_wrapper\"><div class=\"w-image cnc-img-lake align_center\"><a href=\"https:\/\/www.caesars-northcamps.com\/fr\/peche\/lacs\/petit-gouin\/\" aria-label=\"caesar-north-camp-lake-little-gouin\" class=\"w-image-h\"><img decoding=\"async\" width=\"309\" height=\"246\" src=\"https:\/\/www.caesars-northcamps.com\/wp-content\/uploads\/2017\/12\/caesar-north-camp-lake-little-gouin.jpg\" class=\"attachment-full size-full\" alt=\"\" loading=\"lazy\" srcset=\"https:\/\/www.caesars-northcamps.com\/wp-content\/uploads\/2017\/12\/caesar-north-camp-lake-little-gouin.jpg 309w, https:\/\/www.caesars-northcamps.com\/wp-content\/uploads\/2017\/12\/caesar-north-camp-lake-little-gouin-300x239.jpg 300w\" sizes=\"auto, (max-width: 309px) 100vw, 309px\" \/><\/a><\/div><div class=\"wpb_text_column cnc-lk-lake\"><div class=\"wpb_wrapper\"><h3 style=\"text-align: center;\"><a href=\"\/?page_id=943\">Petit Gouin<\/a><\/h3>\n<\/div><\/div><\/div><\/div><\/div><\/div><\/div><\/div><\/div><\/div><\/div><\/section><section class=\"l-section wpb_row height_medium\"><div class=\"l-section-h i-cf\"><div class=\"g-cols vc_row via_flex valign_top type_default stacking_default\"><div class=\"vc_col-sm-12 wpb_column vc_column_container\"><div class=\"vc_column-inner\"><div class=\"wpb_wrapper\"><div class=\"wpb_text_column\"><div class=\"wpb_wrapper\"><h2>Lacs Exclusifs<\/h2>\n<\/div><\/div><div class=\"g-cols wpb_row via_flex valign_top type_default stacking_default\"><div class=\"vc_col-sm-3 wpb_column vc_column_container\"><div class=\"vc_column-inner\"><div class=\"wpb_wrapper\"><div class=\"w-image cnc-img-lake align_center\"><a href=\"https:\/\/www.caesars-northcamps.com\/fr\/peche\/lacs\/petit-hebert\/\" aria-label=\"caesar-north-camp-lake-little-benny\" class=\"w-image-h\"><img decoding=\"async\" width=\"309\" height=\"246\" src=\"https:\/\/www.caesars-northcamps.com\/wp-content\/uploads\/2017\/12\/caesar-north-camp-lake-little-benny.jpg\" class=\"attachment-full size-full\" alt=\"\" loading=\"lazy\" srcset=\"https:\/\/www.caesars-northcamps.com\/wp-content\/uploads\/2017\/12\/caesar-north-camp-lake-little-benny.jpg 309w, https:\/\/www.caesars-northcamps.com\/wp-content\/uploads\/2017\/12\/caesar-north-camp-lake-little-benny-300x239.jpg 300w\" sizes=\"auto, (max-width: 309px) 100vw, 309px\" \/><\/a><\/div><div class=\"wpb_text_column cnc-lk-lake\"><div class=\"wpb_wrapper\"><h3 style=\"text-align: center;\"><a href=\"\/?page_id=941\">Petit Hebert<\/a><\/h3>\n<\/div><\/div><\/div><\/div><\/div><div class=\"vc_col-sm-3 wpb_column vc_column_container\"><div class=\"vc_column-inner\"><div class=\"wpb_wrapper\"><div class=\"w-image cnc-img-lake align_center\"><a href=\"https:\/\/www.caesars-northcamps.com\/fr\/peche\/lacs\/anita-fr\/\" aria-label=\"caesaers-north-camp-lake-anita\" class=\"w-image-h\"><img decoding=\"async\" width=\"800\" height=\"637\" src=\"https:\/\/www.caesars-northcamps.com\/wp-content\/uploads\/2023\/11\/caesaers-north-camp-lake-anita.jpg\" class=\"attachment-full size-full\" alt=\"\" loading=\"lazy\" srcset=\"https:\/\/www.caesars-northcamps.com\/wp-content\/uploads\/2023\/11\/caesaers-north-camp-lake-anita.jpg 800w, https:\/\/www.caesars-northcamps.com\/wp-content\/uploads\/2023\/11\/caesaers-north-camp-lake-anita-300x239.jpg 300w, https:\/\/www.caesars-northcamps.com\/wp-content\/uploads\/2023\/11\/caesaers-north-camp-lake-anita-768x612.jpg 768w\" sizes=\"auto, (max-width: 800px) 100vw, 800px\" \/><\/a><\/div><div class=\"wpb_text_column cnc-lk-lake\"><div class=\"wpb_wrapper\"><h3 style=\"text-align: center;\"><a href=\"https:\/\/www.caesars-northcamps.com\/fr\/peche\/lacs\/anita-fr\/\">Anita<\/a><\/h3>\n<\/div><\/div><\/div><\/div><\/div><div class=\"vc_col-sm-3 wpb_column vc_column_container\"><div class=\"vc_column-inner\"><div class=\"wpb_wrapper\"><div class=\"w-image cnc-img-lake align_center\"><a href=\"https:\/\/www.caesars-northcamps.com\/fr\/peche\/lacs\/lac-impossible\/\" aria-label=\"caesaers-north-camp-lake-impossible\" class=\"w-image-h\"><img decoding=\"async\" width=\"800\" height=\"637\" src=\"https:\/\/www.caesars-northcamps.com\/wp-content\/uploads\/2022\/05\/caesaers-north-camp-lake-impossible.jpg\" class=\"attachment-full size-full\" alt=\"\" loading=\"lazy\" srcset=\"https:\/\/www.caesars-northcamps.com\/wp-content\/uploads\/2022\/05\/caesaers-north-camp-lake-impossible.jpg 800w, https:\/\/www.caesars-northcamps.com\/wp-content\/uploads\/2022\/05\/caesaers-north-camp-lake-impossible-300x239.jpg 300w, https:\/\/www.caesars-northcamps.com\/wp-content\/uploads\/2022\/05\/caesaers-north-camp-lake-impossible-768x612.jpg 768w\" sizes=\"auto, (max-width: 800px) 100vw, 800px\" \/><\/a><\/div><div class=\"wpb_text_column cnc-lk-lake\"><div class=\"wpb_wrapper\"><h3 style=\"text-align: center;\"><a href=\"\/?page_id=937\">Lac Impossible<\/a><\/h3>\n<\/div><\/div><\/div><\/div><\/div><div class=\"vc_col-sm-3 wpb_column vc_column_container\"><div class=\"vc_column-inner\"><div class=\"wpb_wrapper\"><div class=\"w-image cnc-img-lake align_center\"><a href=\"https:\/\/www.caesars-northcamps.com\/fr\/peche\/lacs\/lac-simard\/\" aria-label=\"caesars-northcamps-simard-outside-9\" class=\"w-image-h\"><img decoding=\"async\" width=\"640\" height=\"504\" src=\"https:\/\/www.caesars-northcamps.com\/wp-content\/uploads\/2025\/01\/caesars-northcamps-simard-outside-9.jpg\" class=\"attachment-full size-full\" alt=\"\" loading=\"lazy\" srcset=\"https:\/\/www.caesars-northcamps.com\/wp-content\/uploads\/2025\/01\/caesars-northcamps-simard-outside-9.jpg 640w, https:\/\/www.caesars-northcamps.com\/wp-content\/uploads\/2025\/01\/caesars-northcamps-simard-outside-9-300x236.jpg 300w\" sizes=\"auto, (max-width: 640px) 100vw, 640px\" \/><\/a><\/div><div class=\"wpb_text_column cnc-lk-lake\"><div class=\"wpb_wrapper\"><h3 style=\"text-align: center;\"><a href=\"\/?page_id=955\">Simard<\/a><\/h3>\n<\/div><\/div><\/div><\/div><\/div><\/div><div class=\"w-separator size_custom\" style=\"height:32px\"><\/div><div class=\"wpb_text_column\"><div class=\"wpb_wrapper\"><p>Nos chalets priv\u00e9s sont propres, confortables et tout \u00e9quip\u00e9s. Vous y trouverez:<\/p>\n<ul>\n<li>Cuisine \u00e9quip\u00e9 (po\u00eale, chaudron, ustensiles, vaiselle, eau courante, etc.)<\/li>\n<li>Salle de bain int\u00e9rieur (avec douche et toilette)<\/li>\n<li>Lampes au propane<\/li>\n<li>Po\u00eale et\/ou four au propane<\/li>\n<li>Frigidaire au propane<\/li>\n<li>Po\u00eale \u00e0 bois<\/li>\n<li>Balcon ext\u00e9rieur<\/li>\n<li>B.B.Q. portatif<\/li>\n<li>Table \u00e0 poisson \u00e0 l\u2019ext\u00e9rieur avec eau courante.<\/li>\n<li>Fish Cleaning station with running water.<\/li>\n<\/ul>\n<\/div><\/div><\/div><\/div><\/div><\/div><\/div><\/section>\n","protected":false},"excerpt":{"rendered":"R\u00e9servoir Gouin Gouin 1 Gouin 2 Gouin 3 Gouin 4 Hanotaux Super Lacs Priv\u00e9s Lac Bob Larouche Lac Nancy Petit Gouin Lacs Exclusifs Petit Hebert Anita Lac Impossible Simard Nos chalets priv\u00e9s sont propres, confortables et tout \u00e9quip\u00e9s. Vous y trouverez: Cuisine \u00e9quip\u00e9 (po\u00eale, chaudron, ustensiles, vaiselle, eau courante, etc.) Salle de bain int\u00e9rieur (avec...","protected":false},"author":1,"featured_media":0,"parent":1014,"menu_order":0,"comment_status":"closed","ping_status":"closed","template":"","meta":{"footnotes":""},"class_list":["post-931","page","type-page","status-publish","hentry"],"yoast_head":"<!-- This site is optimized with the Yoast SEO plugin v27.4 - https:\/\/yoast.com\/product\/yoast-seo-wordpress\/ -->\n<title>Lacs de p\u00eache priv\u00e9s au brochet et au dor\u00e9! | Caesar&#039;s North Camps<\/title>\n<meta name=\"description\" content=\"Nos lacs priv\u00e9s sur le r\u00e9servoir Gouin offrent les plus belles p\u00eaches au brochet et au dor\u00e9 dans le Qu\u00e9bec. L&#039;\u00e9vasion parfaite pour vos s\u00e9jours de p\u00eache\" \/>\n<meta name=\"robots\" content=\"index, follow, max-snippet:-1, max-image-preview:large, max-video-preview:-1\" \/>\n<link rel=\"canonical\" href=\"https:\/\/www.caesars-northcamps.com\/fr\/peche\/lacs\/\" \/>\n<meta property=\"og:locale\" content=\"fr_FR\" \/>\n<meta property=\"og:type\" content=\"article\" \/>\n<meta property=\"og:title\" content=\"Lacs de p\u00eache priv\u00e9s au brochet et au dor\u00e9! | Caesar&#039;s North Camps\" \/>\n<meta property=\"og:description\" content=\"Nos lacs priv\u00e9s sur le r\u00e9servoir Gouin offrent les plus belles p\u00eaches au brochet et au dor\u00e9 dans le Qu\u00e9bec. L&#039;\u00e9vasion parfaite pour vos s\u00e9jours de p\u00eache\" \/>\n<meta property=\"og:url\" content=\"https:\/\/www.caesars-northcamps.com\/fr\/peche\/lacs\/\" \/>\n<meta property=\"og:site_name\" content=\"Caesar&#039;s North Camps\" \/>\n<meta property=\"article:modified_time\" content=\"2025-01-06T08:59:29+00:00\" \/>\n<meta name=\"twitter:card\" content=\"summary_large_image\" \/>\n<meta name=\"twitter:label1\" content=\"Dur\u00e9e de lecture estim\u00e9e\" \/>\n\t<meta name=\"twitter:data1\" content=\"2 minutes\" \/>\n<script type=\"application\/ld+json\" class=\"yoast-schema-graph\">{\"@context\":\"https:\\\/\\\/schema.org\",\"@graph\":[{\"@type\":\"WebPage\",\"@id\":\"https:\\\/\\\/www.caesars-northcamps.com\\\/fr\\\/peche\\\/lacs\\\/\",\"url\":\"https:\\\/\\\/www.caesars-northcamps.com\\\/fr\\\/peche\\\/lacs\\\/\",\"name\":\"Lacs de p\u00eache priv\u00e9s au brochet et au dor\u00e9! | Caesar's North Camps\",\"isPartOf\":{\"@id\":\"https:\\\/\\\/www.caesars-northcamps.com\\\/#website\"},\"datePublished\":\"2018-01-18T10:36:30+00:00\",\"dateModified\":\"2025-01-06T08:59:29+00:00\",\"description\":\"Nos lacs priv\u00e9s sur le r\u00e9servoir Gouin offrent les plus belles p\u00eaches au brochet et au dor\u00e9 dans le Qu\u00e9bec. L'\u00e9vasion parfaite pour vos s\u00e9jours de p\u00eache\",\"breadcrumb\":{\"@id\":\"https:\\\/\\\/www.caesars-northcamps.com\\\/fr\\\/peche\\\/lacs\\\/#breadcrumb\"},\"inLanguage\":\"fr-FR\",\"potentialAction\":[{\"@type\":\"ReadAction\",\"target\":[\"https:\\\/\\\/www.caesars-northcamps.com\\\/fr\\\/peche\\\/lacs\\\/\"]}]},{\"@type\":\"BreadcrumbList\",\"@id\":\"https:\\\/\\\/www.caesars-northcamps.com\\\/fr\\\/peche\\\/lacs\\\/#breadcrumb\",\"itemListElement\":[{\"@type\":\"ListItem\",\"position\":1,\"name\":\"Accueil\",\"item\":\"https:\\\/\\\/www.caesars-northcamps.com\\\/fr\\\/\"},{\"@type\":\"ListItem\",\"position\":2,\"name\":\"P\u00eache\",\"item\":\"https:\\\/\\\/www.caesars-northcamps.com\\\/fr\\\/peche\\\/\"},{\"@type\":\"ListItem\",\"position\":3,\"name\":\"Lacs\"}]},{\"@type\":\"WebSite\",\"@id\":\"https:\\\/\\\/www.caesars-northcamps.com\\\/#website\",\"url\":\"https:\\\/\\\/www.caesars-northcamps.com\\\/\",\"name\":\"Caesar&#039;s North Camps\",\"description\":\"Best Fly-in fishing and hunting trips in Northern Quebec\",\"potentialAction\":[{\"@type\":\"SearchAction\",\"target\":{\"@type\":\"EntryPoint\",\"urlTemplate\":\"https:\\\/\\\/www.caesars-northcamps.com\\\/?s={search_term_string}\"},\"query-input\":{\"@type\":\"PropertyValueSpecification\",\"valueRequired\":true,\"valueName\":\"search_term_string\"}}],\"inLanguage\":\"fr-FR\"}]}<\/script>\n<!-- \/ Yoast SEO plugin. -->","yoast_head_json":{"title":"Lacs de p\u00eache priv\u00e9s au brochet et au dor\u00e9! | Caesar's North Camps","description":"Nos lacs priv\u00e9s sur le r\u00e9servoir Gouin offrent les plus belles p\u00eaches au brochet et au dor\u00e9 dans le Qu\u00e9bec. L'\u00e9vasion parfaite pour vos s\u00e9jours de p\u00eache","robots":{"index":"index","follow":"follow","max-snippet":"max-snippet:-1","max-image-preview":"max-image-preview:large","max-video-preview":"max-video-preview:-1"},"canonical":"https:\/\/www.caesars-northcamps.com\/fr\/peche\/lacs\/","og_locale":"fr_FR","og_type":"article","og_title":"Lacs de p\u00eache priv\u00e9s au brochet et au dor\u00e9! | Caesar's North Camps","og_description":"Nos lacs priv\u00e9s sur le r\u00e9servoir Gouin offrent les plus belles p\u00eaches au brochet et au dor\u00e9 dans le Qu\u00e9bec. L'\u00e9vasion parfaite pour vos s\u00e9jours de p\u00eache","og_url":"https:\/\/www.caesars-northcamps.com\/fr\/peche\/lacs\/","og_site_name":"Caesar&#039;s North Camps","article_modified_time":"2025-01-06T08:59:29+00:00","twitter_card":"summary_large_image","twitter_misc":{"Dur\u00e9e de lecture estim\u00e9e":"2 minutes"},"schema":{"@context":"https:\/\/schema.org","@graph":[{"@type":"WebPage","@id":"https:\/\/www.caesars-northcamps.com\/fr\/peche\/lacs\/","url":"https:\/\/www.caesars-northcamps.com\/fr\/peche\/lacs\/","name":"Lacs de p\u00eache priv\u00e9s au brochet et au dor\u00e9! | Caesar's North Camps","isPartOf":{"@id":"https:\/\/www.caesars-northcamps.com\/#website"},"datePublished":"2018-01-18T10:36:30+00:00","dateModified":"2025-01-06T08:59:29+00:00","description":"Nos lacs priv\u00e9s sur le r\u00e9servoir Gouin offrent les plus belles p\u00eaches au brochet et au dor\u00e9 dans le Qu\u00e9bec. L'\u00e9vasion parfaite pour vos s\u00e9jours de p\u00eache","breadcrumb":{"@id":"https:\/\/www.caesars-northcamps.com\/fr\/peche\/lacs\/#breadcrumb"},"inLanguage":"fr-FR","potentialAction":[{"@type":"ReadAction","target":["https:\/\/www.caesars-northcamps.com\/fr\/peche\/lacs\/"]}]},{"@type":"BreadcrumbList","@id":"https:\/\/www.caesars-northcamps.com\/fr\/peche\/lacs\/#breadcrumb","itemListElement":[{"@type":"ListItem","position":1,"name":"Accueil","item":"https:\/\/www.caesars-northcamps.com\/fr\/"},{"@type":"ListItem","position":2,"name":"P\u00eache","item":"https:\/\/www.caesars-northcamps.com\/fr\/peche\/"},{"@type":"ListItem","position":3,"name":"Lacs"}]},{"@type":"WebSite","@id":"https:\/\/www.caesars-northcamps.com\/#website","url":"https:\/\/www.caesars-northcamps.com\/","name":"Caesar&#039;s North Camps","description":"Best Fly-in fishing and hunting trips in Northern Quebec","potentialAction":[{"@type":"SearchAction","target":{"@type":"EntryPoint","urlTemplate":"https:\/\/www.caesars-northcamps.com\/?s={search_term_string}"},"query-input":{"@type":"PropertyValueSpecification","valueRequired":true,"valueName":"search_term_string"}}],"inLanguage":"fr-FR"}]}},"_links":{"self":[{"href":"https:\/\/www.caesars-northcamps.com\/fr\/wp-json\/wp\/v2\/pages\/931","targetHints":{"allow":["GET"]}}],"collection":[{"href":"https:\/\/www.caesars-northcamps.com\/fr\/wp-json\/wp\/v2\/pages"}],"about":[{"href":"https:\/\/www.caesars-northcamps.com\/fr\/wp-json\/wp\/v2\/types\/page"}],"author":[{"embeddable":true,"href":"https:\/\/www.caesars-northcamps.com\/fr\/wp-json\/wp\/v2\/users\/1"}],"replies":[{"embeddable":true,"href":"https:\/\/www.caesars-northcamps.com\/fr\/wp-json\/wp\/v2\/comments?post=931"}],"version-history":[{"count":15,"href":"https:\/\/www.caesars-northcamps.com\/fr\/wp-json\/wp\/v2\/pages\/931\/revisions"}],"predecessor-version":[{"id":2890,"href":"https:\/\/www.caesars-northcamps.com\/fr\/wp-json\/wp\/v2\/pages\/931\/revisions\/2890"}],"up":[{"embeddable":true,"href":"https:\/\/www.caesars-northcamps.com\/fr\/wp-json\/wp\/v2\/pages\/1014"}],"wp:attachment":[{"href":"https:\/\/www.caesars-northcamps.com\/fr\/wp-json\/wp\/v2\/media?parent=931"}],"curies":[{"name":"wp","href":"https:\/\/api.w.org\/{rel}","templated":true}]}}