{"id":1022,"date":"2018-01-18T12:44:47","date_gmt":"2018-01-18T11:44:47","guid":{"rendered":"http:\/\/www.caesars-northcamps.com\/?page_id=1022"},"modified":"2026-01-20T09:48:38","modified_gmt":"2026-01-20T08:48:38","slug":"quoi-apporter-voyage-de-peche","status":"publish","type":"page","link":"https:\/\/www.caesars-northcamps.com\/fr\/peche\/quoi-apporter-voyage-de-peche\/","title":{"rendered":"Quoi apporter pour votre voyage de p\u00eache"},"content":{"rendered":"<section class=\"l-section wpb_row height_medium\"><div class=\"l-section-h i-cf\"><div class=\"g-cols vc_row via_flex valign_top type_default stacking_default\"><div class=\"vc_col-sm-12 wpb_column vc_column_container\"><div class=\"vc_column-inner\"><div class=\"wpb_wrapper\"><div class=\"wpb_text_column\"><div class=\"wpb_wrapper\"><p>Chers p\u00eacheurs, Merci de nous avoir choisis. Durant votre s\u00e9jour, vous voyagerez par hydravion donc, assurez-vous de ne pas d\u00e9passer les 100 livres permises par personne pour les bagages. Merci !<\/p>\n<\/div><\/div><div class=\"w-separator size_custom\" style=\"height:32px\"><\/div><div class=\"wpb_text_column\"><div class=\"wpb_wrapper\"><h2>Articles \u00e0 apporter<\/h2>\n<\/div><\/div><div class=\"g-cols wpb_row via_flex valign_top type_default stacking_default\"><div class=\"vc_col-sm-4 wpb_column vc_column_container\"><div class=\"vc_column-inner\"><div class=\"wpb_wrapper\"><div class=\"wpb_text_column cnc-check-list\"><div class=\"wpb_wrapper\"><h3>Articles \u00e0 apporter pour le voyage de p\u00eache<\/h3>\n<ul>\n<li>Filet de p\u00eache et attaches \u00e0 poissons<\/li>\n<li>Canne \u00e0 p\u00eache ( 1 extra par groupe)<\/li>\n<li>Coffre \u00e0 p\u00eache<\/li>\n<li>1 paire de bottes (bateau ou sentier)<\/li>\n<li>Imperm\u00e9able<\/li>\n<li>Une veste chaude<\/li>\n<li>Sac de couchage et oreiller<\/li>\n<li>Vers de terre (Disponibles avant de prendre l\u2019hydravion)<\/li>\n<li>Glaci\u00e8re (1 ou 2 pour 4 pers\u2026 max 25\u2033)<\/li>\n<li>Coussin pour le bateau<\/li>\n<li>Veste de sauvetage (Obligatoire)<\/li>\n<li>Une sac \u00e0 linge en tissu par personne<\/li>\n<li>Corde suppl\u00e9mentaire (Ancre ou autre\u2026)<\/li>\n<li>Nourriture<\/li>\n<li>Trousse\u00a0de premiers soins<\/li>\n<\/ul>\n<\/div><\/div><\/div><\/div><\/div><div class=\"vc_col-sm-4 wpb_column vc_column_container\"><div class=\"vc_column-inner\"><div class=\"wpb_wrapper\"><div class=\"wpb_text_column cnc-check-list\"><div class=\"wpb_wrapper\"><h3>Autres articles pour la p\u00eache<\/h3>\n<ul>\n<li>Carte d\u2019identification, argent, ou ch\u00e8que de voyage<\/li>\n<li>Cam\u00e9ra et film<\/li>\n<li>Sacs \u00e0 vidange<\/li>\n<li>Lampes de poche<\/li>\n<li>Chapeau, lunette et lotion pour soleil<\/li>\n<li>Lotion contre les insects<\/li>\n<li>Savon et linges pour le corps ou la vaiselle<\/li>\n<li>Tissus\u00a0et papier de toilettes<\/li>\n<li>Allumettes<\/li>\n<li>Couteaux \u00e0 filets<\/li>\n<li>Bouteilles d\u2019eau<\/li>\n<\/ul>\n<\/div><\/div><\/div><\/div><\/div><div class=\"vc_col-sm-4 wpb_column vc_column_container\"><div class=\"vc_column-inner\"><div class=\"wpb_wrapper\"><div class=\"wpb_text_column cnc-check-list\"><div class=\"wpb_wrapper\"><h3>Leurres pour brochet ou dor\u00e9<\/h3>\n<ul>\n<li>\u00abJigs\u00bb Jaune et blanche (\u00bc \u00e0 \u00be)<\/li>\n<li>Mepps Spinner<\/li>\n<li>Spinner baits<\/li>\n<li>Rapala<\/li>\n<li>Thin Fins<\/li>\n<li>Hot\u2019n Tot<\/li>\n<li>Bass Plugs<\/li>\n<li>Dare Devils<\/li>\n<li>Corde de 8 \u00e0 10 lbs<\/li>\n<li>Steel Leads<\/li>\n<\/ul>\n<\/div><\/div><\/div><\/div><\/div><\/div><div class=\"w-separator size_custom\" style=\"height:15px\"><\/div><div class=\"g-cols wpb_row via_flex valign_top type_default stacking_default\"><div class=\"vc_col-sm-4 wpb_column vc_column_container\"><div class=\"vc_column-inner\"><div class=\"wpb_wrapper\"><div class=\"wpb_text_column cnc-check-list\"><div class=\"wpb_wrapper\"><h3>Quelques suggestions pour le chalet<\/h3>\n<ul>\n<li>Apportez des jus concentr\u00e9s<\/li>\n<li>Empaquetez votre nourriture dans des boites moyennes pas dans des sacs de plastique<\/li>\n<li>\u00c9vitez les \u00e9normes boites en plastique<\/li>\n<li>Utilisez des tubes de plastique pas trop longs pour les cannes \u00e0 p\u00eache<\/li>\n<li>Planifiez la quantit\u00e9 de nourriture avec votre groupe<\/li>\n<li><strong>Pesez tout vos bagages avant de partir<\/strong><\/li>\n<li>Argent liquide ou ch\u00e8ques de voyage seulement<\/li>\n<li><strong>C\u00e9sar Camps du Nord vous procurera un s\u00e9jour agr\u00e9able et m\u00e9morable<\/strong><\/li>\n<\/ul>\n<\/div><\/div><\/div><\/div><\/div><div class=\"vc_col-sm-4 wpb_column vc_column_container\"><div class=\"vc_column-inner\"><div class=\"wpb_wrapper\"><div class=\"wpb_text_column cnc-check-list\"><div class=\"wpb_wrapper\"><h3>N\u2019oubliez pas !<\/h3>\n<ul>\n<li>Les clients des U.S.A. ont besoin d\u2019un passeport pour entrer au Canada<\/li>\n<li>Utiliser votre t\u00e9l\u00e9phone portable tout en conduisant une voiture est contre la loi au Canada<\/li>\n<\/ul>\n<\/div><\/div><\/div><\/div><\/div><div class=\"vc_col-sm-4 wpb_column vc_column_container\"><div class=\"vc_column-inner\"><div class=\"wpb_wrapper\"><\/div><\/div><\/div><\/div><\/div><\/div><\/div><\/div><\/div><\/section><section class=\"l-section wpb_row height_medium\"><div class=\"l-section-h i-cf\"><div class=\"g-cols vc_row via_flex valign_top type_default stacking_default\"><div class=\"vc_col-sm-4 wpb_column vc_column_container\"><div class=\"vc_column-inner\"><div class=\"wpb_wrapper\"><div class=\"wpb_text_column\"><div class=\"wpb_wrapper\"><h2>Les Camps de p\u00eache incluent<\/h2>\n<ul>\n<li>B.B.Q. portatif<\/li>\n<li>Table \u00e0 poisson \u00e0 l\u2019ext\u00e9rieur avec eau courante.<\/li>\n<li>Lumi\u00e8res au propane<\/li>\n<li>Lits s\u00e9par\u00e9s<\/li>\n<li>Matelas<\/li>\n<li>Four au propane<\/li>\n<li>Frigidaire et cong\u00e9lateur au propane<\/li>\n<li>Table et chaises<\/li>\n<li>Batterie de cuisine<\/li>\n<li>Ustensiles de cuisine<\/li>\n<li>Pot \u00e0 caf\u00e9<\/li>\n<li>Bois de chauffage, galerie ext\u00e9rieure<\/li>\n<li>Four au bois (chauffage)<\/li>\n<li>Toilette et douche int\u00e9rieures<\/li>\n<li>Chaloupe en fibre de verre ( 14\u2033 et 16\u2033 )<\/li>\n<li>Moteurs neufs, gaz illimit\u00e9<\/li>\n<li>1 camp par lac, vous \u00eates avec votre groupe seulement<\/li>\n<\/ul>\n<\/div><\/div><\/div><\/div><\/div><div class=\"vc_col-sm-4 wpb_column vc_column_container\"><div class=\"vc_column-inner\"><div class=\"wpb_wrapper\"><div class=\"wpb_text_column\"><div class=\"wpb_wrapper\"><h2>Articles que vous n\u2019apportez pas<\/h2>\n<ul>\n<li>Ameublement ext\u00e9rieur<\/li>\n<li>Ustensiles ou batterie de cuisine<\/li>\n<li>Trop grosse boite \u00e0 p\u00eache<\/li>\n<li>Tente<\/li>\n<li>Hache ou scie<\/li>\n<li>Propane ou lumi\u00e9re \u00e0 propane<\/li>\n<li>Trappe \u00e0 vairons ( ill\u00e9gal )<\/li>\n<li>Sceau<\/li>\n<li>Trop de bi\u00e8res ( cannettes de pr\u00e9f\u00e9rence )<\/li>\n<li>Batterie 12V<\/li>\n<li>Four \u00e0 propane<\/li>\n<li>Trop de conserves<\/li>\n<li>Sacs \u00abjumbo\u00bb pour le linge<\/li>\n<li>Bo\u00eetes et \u00ab\u00a0coolers\u00a0\u00bb surdimensionn\u00e9es<\/li>\n<\/ul>\n<\/div><\/div><\/div><\/div><\/div><div class=\"vc_col-sm-4 wpb_column vc_column_container\"><div class=\"vc_column-inner\"><div class=\"wpb_wrapper\"><\/div><\/div><\/div><\/div><\/div><\/section><section class=\"l-section wpb_row height_medium\"><div class=\"l-section-h i-cf\"><div class=\"g-cols vc_row via_flex valign_top type_default stacking_default\"><div class=\"vc_col-sm-12 wpb_column vc_column_container\"><div class=\"vc_column-inner\"><div class=\"wpb_wrapper\"><div class=\"wpb_text_column\"><div class=\"wpb_wrapper\"><h2>Liste pour l\u2019hydravion<\/h2>\n<p>Si vous ne pouvez demeurer sous le poids permis par l\u2019hydravion (100lbs\/ pers.), ou que vous d\u00e9sirez apporter plus de boissons ou de bagages, nous vous sugg\u00e9rons de payer pour une surcharge additionnelle.<\/p>\n<ul>\n<li>Une surcharge par tranche de 400 lbs: co\u00fbt 500.00$ divis\u00e9 par le nombre de personne dans votre groupe.<\/li>\n<li><em>Cette surcharge vous sera livr\u00e9e le m\u00eame jour ou le jour suivant<\/em><\/li>\n<\/ul>\n<p><strong>Transport de mati\u00e8res dangereuses lorsque voyageant \u00e0 bord d\u2019un hydravion<\/strong><\/p>\n<ul>\n<li>Les a\u00e9rosol anti-ours sont interdit<\/li>\n<li>Les feux d\u2019artifice sont interdits<\/li>\n<li>Les allumettes sont interdites (vous pouvez transporter un briquet sur vous mais pas de type zippo)<\/li>\n<li>Les a\u00e9rosols doivent \u00eatre transport\u00e9s dans une bo\u00eete \u00e9tanche<\/li>\n<li>Les munitions doivent \u00eatre transport\u00e9s s\u00e9par\u00e9ment dans les baggages<\/li>\n<li>Les batteries 12 volts doivent \u00eatre dans une bo\u00eete avec la bonne \u00e9tiquette<\/li>\n<li>Les propanes de 1 lb dans une bo\u00eete selon les r\u00e8gles de TDGR<\/li>\n<\/ul>\n<p class=\"p1\">Nous esp\u00e9rons que ces options rendront votre voyage de p\u00eache des plus agr\u00e9ables et dites-nous en avance si vous pr\u00e9voyez une surcharge.<\/p>\n<\/div><\/div><\/div><\/div><\/div><\/div><\/div><\/section>\n","protected":false},"excerpt":{"rendered":"Chers p\u00eacheurs, Merci de nous avoir choisis. Durant votre s\u00e9jour, vous voyagerez par hydravion donc, assurez-vous de ne pas d\u00e9passer les 100 livres permises par personne pour les bagages. Merci ! Articles \u00e0 apporter Articles \u00e0 apporter pour le voyage de p\u00eache Filet de p\u00eache et attaches \u00e0 poissons Canne \u00e0 p\u00eache ( 1 extra...","protected":false},"author":1,"featured_media":0,"parent":1014,"menu_order":0,"comment_status":"closed","ping_status":"closed","template":"","meta":{"footnotes":""},"class_list":["post-1022","page","type-page","status-publish","hentry"],"yoast_head":"<!-- This site is optimized with the Yoast SEO plugin v27.2 - https:\/\/yoast.com\/product\/yoast-seo-wordpress\/ -->\n<title>La meilleure liste pour les voyages de p\u00eaches | Caesar&#039;s North Camps<\/title>\n<meta name=\"description\" content=\"Pour savoir quoi apporter durant votre voyage de p\u00eache au Qu\u00e9bec, prenez notre liste de p\u00eache.\" \/>\n<meta name=\"robots\" content=\"index, follow, max-snippet:-1, max-image-preview:large, max-video-preview:-1\" \/>\n<link rel=\"canonical\" href=\"https:\/\/www.caesars-northcamps.com\/fr\/peche\/quoi-apporter-voyage-de-peche\/\" \/>\n<meta property=\"og:locale\" content=\"fr_FR\" \/>\n<meta property=\"og:type\" content=\"article\" \/>\n<meta property=\"og:title\" content=\"La meilleure liste pour les voyages de p\u00eaches | Caesar&#039;s North Camps\" \/>\n<meta property=\"og:description\" content=\"Pour savoir quoi apporter durant votre voyage de p\u00eache au Qu\u00e9bec, prenez notre liste de p\u00eache.\" \/>\n<meta property=\"og:url\" content=\"https:\/\/www.caesars-northcamps.com\/fr\/peche\/quoi-apporter-voyage-de-peche\/\" \/>\n<meta property=\"og:site_name\" content=\"Caesar&#039;s North Camps\" \/>\n<meta property=\"article:modified_time\" content=\"2026-01-20T08:48:38+00:00\" \/>\n<meta name=\"twitter:card\" content=\"summary_large_image\" \/>\n<meta name=\"twitter:label1\" content=\"Dur\u00e9e de lecture estim\u00e9e\" \/>\n\t<meta name=\"twitter:data1\" content=\"4 minutes\" \/>\n<script type=\"application\/ld+json\" class=\"yoast-schema-graph\">{\"@context\":\"https:\/\/schema.org\",\"@graph\":[{\"@type\":\"WebPage\",\"@id\":\"https:\/\/www.caesars-northcamps.com\/fr\/peche\/quoi-apporter-voyage-de-peche\/\",\"url\":\"https:\/\/www.caesars-northcamps.com\/fr\/peche\/quoi-apporter-voyage-de-peche\/\",\"name\":\"La meilleure liste pour les voyages de p\u00eaches | Caesar's North Camps\",\"isPartOf\":{\"@id\":\"https:\/\/www.caesars-northcamps.com\/#website\"},\"datePublished\":\"2018-01-18T11:44:47+00:00\",\"dateModified\":\"2026-01-20T08:48:38+00:00\",\"description\":\"Pour savoir quoi apporter durant votre voyage de p\u00eache au Qu\u00e9bec, prenez notre liste de p\u00eache.\",\"breadcrumb\":{\"@id\":\"https:\/\/www.caesars-northcamps.com\/fr\/peche\/quoi-apporter-voyage-de-peche\/#breadcrumb\"},\"inLanguage\":\"fr-FR\",\"potentialAction\":[{\"@type\":\"ReadAction\",\"target\":[\"https:\/\/www.caesars-northcamps.com\/fr\/peche\/quoi-apporter-voyage-de-peche\/\"]}]},{\"@type\":\"BreadcrumbList\",\"@id\":\"https:\/\/www.caesars-northcamps.com\/fr\/peche\/quoi-apporter-voyage-de-peche\/#breadcrumb\",\"itemListElement\":[{\"@type\":\"ListItem\",\"position\":1,\"name\":\"Accueil\",\"item\":\"https:\/\/www.caesars-northcamps.com\/fr\/\"},{\"@type\":\"ListItem\",\"position\":2,\"name\":\"P\u00eache\",\"item\":\"https:\/\/www.caesars-northcamps.com\/fr\/peche\/\"},{\"@type\":\"ListItem\",\"position\":3,\"name\":\"Quoi apporter pour votre voyage de p\u00eache\"}]},{\"@type\":\"WebSite\",\"@id\":\"https:\/\/www.caesars-northcamps.com\/#website\",\"url\":\"https:\/\/www.caesars-northcamps.com\/\",\"name\":\"Caesar&#039;s North Camps\",\"description\":\"Best Fly-in fishing and hunting trips in Northern Quebec\",\"potentialAction\":[{\"@type\":\"SearchAction\",\"target\":{\"@type\":\"EntryPoint\",\"urlTemplate\":\"https:\/\/www.caesars-northcamps.com\/?s={search_term_string}\"},\"query-input\":{\"@type\":\"PropertyValueSpecification\",\"valueRequired\":true,\"valueName\":\"search_term_string\"}}],\"inLanguage\":\"fr-FR\"}]}<\/script>\n<!-- \/ Yoast SEO plugin. -->","yoast_head_json":{"title":"La meilleure liste pour les voyages de p\u00eaches | Caesar's North Camps","description":"Pour savoir quoi apporter durant votre voyage de p\u00eache au Qu\u00e9bec, prenez notre liste de p\u00eache.","robots":{"index":"index","follow":"follow","max-snippet":"max-snippet:-1","max-image-preview":"max-image-preview:large","max-video-preview":"max-video-preview:-1"},"canonical":"https:\/\/www.caesars-northcamps.com\/fr\/peche\/quoi-apporter-voyage-de-peche\/","og_locale":"fr_FR","og_type":"article","og_title":"La meilleure liste pour les voyages de p\u00eaches | Caesar's North Camps","og_description":"Pour savoir quoi apporter durant votre voyage de p\u00eache au Qu\u00e9bec, prenez notre liste de p\u00eache.","og_url":"https:\/\/www.caesars-northcamps.com\/fr\/peche\/quoi-apporter-voyage-de-peche\/","og_site_name":"Caesar&#039;s North Camps","article_modified_time":"2026-01-20T08:48:38+00:00","twitter_card":"summary_large_image","twitter_misc":{"Dur\u00e9e de lecture estim\u00e9e":"4 minutes"},"schema":{"@context":"https:\/\/schema.org","@graph":[{"@type":"WebPage","@id":"https:\/\/www.caesars-northcamps.com\/fr\/peche\/quoi-apporter-voyage-de-peche\/","url":"https:\/\/www.caesars-northcamps.com\/fr\/peche\/quoi-apporter-voyage-de-peche\/","name":"La meilleure liste pour les voyages de p\u00eaches | Caesar's North Camps","isPartOf":{"@id":"https:\/\/www.caesars-northcamps.com\/#website"},"datePublished":"2018-01-18T11:44:47+00:00","dateModified":"2026-01-20T08:48:38+00:00","description":"Pour savoir quoi apporter durant votre voyage de p\u00eache au Qu\u00e9bec, prenez notre liste de p\u00eache.","breadcrumb":{"@id":"https:\/\/www.caesars-northcamps.com\/fr\/peche\/quoi-apporter-voyage-de-peche\/#breadcrumb"},"inLanguage":"fr-FR","potentialAction":[{"@type":"ReadAction","target":["https:\/\/www.caesars-northcamps.com\/fr\/peche\/quoi-apporter-voyage-de-peche\/"]}]},{"@type":"BreadcrumbList","@id":"https:\/\/www.caesars-northcamps.com\/fr\/peche\/quoi-apporter-voyage-de-peche\/#breadcrumb","itemListElement":[{"@type":"ListItem","position":1,"name":"Accueil","item":"https:\/\/www.caesars-northcamps.com\/fr\/"},{"@type":"ListItem","position":2,"name":"P\u00eache","item":"https:\/\/www.caesars-northcamps.com\/fr\/peche\/"},{"@type":"ListItem","position":3,"name":"Quoi apporter pour votre voyage de p\u00eache"}]},{"@type":"WebSite","@id":"https:\/\/www.caesars-northcamps.com\/#website","url":"https:\/\/www.caesars-northcamps.com\/","name":"Caesar&#039;s North Camps","description":"Best Fly-in fishing and hunting trips in Northern Quebec","potentialAction":[{"@type":"SearchAction","target":{"@type":"EntryPoint","urlTemplate":"https:\/\/www.caesars-northcamps.com\/?s={search_term_string}"},"query-input":{"@type":"PropertyValueSpecification","valueRequired":true,"valueName":"search_term_string"}}],"inLanguage":"fr-FR"}]}},"_links":{"self":[{"href":"https:\/\/www.caesars-northcamps.com\/fr\/wp-json\/wp\/v2\/pages\/1022","targetHints":{"allow":["GET"]}}],"collection":[{"href":"https:\/\/www.caesars-northcamps.com\/fr\/wp-json\/wp\/v2\/pages"}],"about":[{"href":"https:\/\/www.caesars-northcamps.com\/fr\/wp-json\/wp\/v2\/types\/page"}],"author":[{"embeddable":true,"href":"https:\/\/www.caesars-northcamps.com\/fr\/wp-json\/wp\/v2\/users\/1"}],"replies":[{"embeddable":true,"href":"https:\/\/www.caesars-northcamps.com\/fr\/wp-json\/wp\/v2\/comments?post=1022"}],"version-history":[{"count":6,"href":"https:\/\/www.caesars-northcamps.com\/fr\/wp-json\/wp\/v2\/pages\/1022\/revisions"}],"predecessor-version":[{"id":3227,"href":"https:\/\/www.caesars-northcamps.com\/fr\/wp-json\/wp\/v2\/pages\/1022\/revisions\/3227"}],"up":[{"embeddable":true,"href":"https:\/\/www.caesars-northcamps.com\/fr\/wp-json\/wp\/v2\/pages\/1014"}],"wp:attachment":[{"href":"https:\/\/www.caesars-northcamps.com\/fr\/wp-json\/wp\/v2\/media?parent=1022"}],"curies":[{"name":"wp","href":"https:\/\/api.w.org\/{rel}","templated":true}]}}