{"id":1018,"date":"2018-01-18T12:43:20","date_gmt":"2018-01-18T11:43:20","guid":{"rendered":"http:\/\/www.caesars-northcamps.com\/?page_id=1018"},"modified":"2018-12-15T15:32:39","modified_gmt":"2018-12-15T14:32:39","slug":"cours-dembarcations","status":"publish","type":"page","link":"https:\/\/www.caesars-northcamps.com\/fr\/peche\/cours-dembarcations\/","title":{"rendered":"Cours d&#8217;embarcations"},"content":{"rendered":"<section class=\"l-section wpb_row height_medium\"><div class=\"l-section-h i-cf\"><div class=\"g-cols vc_row via_flex valign_top type_default stacking_default\"><div class=\"vc_col-sm-12 wpb_column vc_column_container\"><div class=\"vc_column-inner\"><div class=\"wpb_wrapper\"><div class=\"wpb_text_column\"><div class=\"wpb_wrapper\"><h2>Pour obtenir son permis d\u2019embarcation de plaisance<\/h2>\n<p style=\"text-align: left; text-transform: uppercase;\"><strong>(Canadiens seulement)<\/strong><\/p>\n<p>Depuis septembre 2009, tous les op\u00e9rateurs d\u2019embarcations de plaisance doivent poss\u00e9der un permis pour conduire. Vous pouvez suivre le <a href=\"http:\/\/www.clnc-fncc.com\/FHome.html\" target=\"_blank\" rel=\"noopener\">cours de bateau en ligne<\/a> et <a href=\"http:\/\/www.examenbateau.com\/s\/permis_bateau.html\" target=\"_blank\" rel=\"noopener\">suivre votre examen<\/a> avant d\u2019arriver aux camps de p\u00e8che C\u00e9sar \u00e0 Clova.<\/p>\n<\/div><\/div><div class=\"w-image align_none\"><div class=\"w-image-h\"><img decoding=\"async\" width=\"638\" height=\"348\" src=\"https:\/\/www.caesars-northcamps.com\/wp-content\/uploads\/2017\/12\/caesar-north-camp-small-boat-licence.jpg\" class=\"attachment-full size-full\" alt=\"\" loading=\"lazy\" srcset=\"https:\/\/www.caesars-northcamps.com\/wp-content\/uploads\/2017\/12\/caesar-north-camp-small-boat-licence.jpg 638w, https:\/\/www.caesars-northcamps.com\/wp-content\/uploads\/2017\/12\/caesar-north-camp-small-boat-licence-300x164.jpg 300w\" sizes=\"auto, (max-width: 638px) 100vw, 638px\" \/><\/div><\/div><\/div><\/div><\/div><\/div><\/div><\/section>\n","protected":false},"excerpt":{"rendered":"Pour obtenir son permis d\u2019embarcation de plaisance (Canadiens seulement) Depuis septembre 2009, tous les op\u00e9rateurs d\u2019embarcations de plaisance doivent poss\u00e9der un permis pour conduire. Vous pouvez suivre le cours de bateau en ligne et suivre votre examen avant d\u2019arriver aux camps de p\u00e8che C\u00e9sar \u00e0 Clova.","protected":false},"author":1,"featured_media":0,"parent":1014,"menu_order":0,"comment_status":"closed","ping_status":"closed","template":"","meta":{"footnotes":""},"class_list":["post-1018","page","type-page","status-publish","hentry"],"yoast_head":"<!-- This site is optimized with the Yoast SEO plugin v27.4 - https:\/\/yoast.com\/product\/yoast-seo-wordpress\/ -->\n<title>Comment obtenir son permis de b\u00e2teau au Qu\u00e9bec | Caesar&#039;s North Camps<\/title>\n<meta name=\"description\" content=\"Vous devez avoir votre permis de bateau ou d&#039;embarcation de plaisance au Qu\u00e9bec pour conduire un bateau motoris\u00e9. Nous pouvons vous aider \u00e0 l&#039;obtenir\" \/>\n<meta name=\"robots\" content=\"index, follow, max-snippet:-1, max-image-preview:large, max-video-preview:-1\" \/>\n<link rel=\"canonical\" href=\"https:\/\/www.caesars-northcamps.com\/fr\/peche\/cours-dembarcations\/\" \/>\n<meta property=\"og:locale\" content=\"fr_FR\" \/>\n<meta property=\"og:type\" content=\"article\" \/>\n<meta property=\"og:title\" content=\"Comment obtenir son permis de b\u00e2teau au Qu\u00e9bec | Caesar&#039;s North Camps\" \/>\n<meta property=\"og:description\" content=\"Vous devez avoir votre permis de bateau ou d&#039;embarcation de plaisance au Qu\u00e9bec pour conduire un bateau motoris\u00e9. Nous pouvons vous aider \u00e0 l&#039;obtenir\" \/>\n<meta property=\"og:url\" content=\"https:\/\/www.caesars-northcamps.com\/fr\/peche\/cours-dembarcations\/\" \/>\n<meta property=\"og:site_name\" content=\"Caesar&#039;s North Camps\" \/>\n<meta property=\"article:modified_time\" content=\"2018-12-15T14:32:39+00:00\" \/>\n<meta name=\"twitter:card\" content=\"summary_large_image\" \/>\n<script type=\"application\/ld+json\" class=\"yoast-schema-graph\">{\"@context\":\"https:\\\/\\\/schema.org\",\"@graph\":[{\"@type\":\"WebPage\",\"@id\":\"https:\\\/\\\/www.caesars-northcamps.com\\\/fr\\\/peche\\\/cours-dembarcations\\\/\",\"url\":\"https:\\\/\\\/www.caesars-northcamps.com\\\/fr\\\/peche\\\/cours-dembarcations\\\/\",\"name\":\"Comment obtenir son permis de b\u00e2teau au Qu\u00e9bec | Caesar's North Camps\",\"isPartOf\":{\"@id\":\"https:\\\/\\\/www.caesars-northcamps.com\\\/#website\"},\"datePublished\":\"2018-01-18T11:43:20+00:00\",\"dateModified\":\"2018-12-15T14:32:39+00:00\",\"description\":\"Vous devez avoir votre permis de bateau ou d'embarcation de plaisance au Qu\u00e9bec pour conduire un bateau motoris\u00e9. Nous pouvons vous aider \u00e0 l'obtenir\",\"breadcrumb\":{\"@id\":\"https:\\\/\\\/www.caesars-northcamps.com\\\/fr\\\/peche\\\/cours-dembarcations\\\/#breadcrumb\"},\"inLanguage\":\"fr-FR\",\"potentialAction\":[{\"@type\":\"ReadAction\",\"target\":[\"https:\\\/\\\/www.caesars-northcamps.com\\\/fr\\\/peche\\\/cours-dembarcations\\\/\"]}]},{\"@type\":\"BreadcrumbList\",\"@id\":\"https:\\\/\\\/www.caesars-northcamps.com\\\/fr\\\/peche\\\/cours-dembarcations\\\/#breadcrumb\",\"itemListElement\":[{\"@type\":\"ListItem\",\"position\":1,\"name\":\"Accueil\",\"item\":\"https:\\\/\\\/www.caesars-northcamps.com\\\/fr\\\/\"},{\"@type\":\"ListItem\",\"position\":2,\"name\":\"P\u00eache\",\"item\":\"https:\\\/\\\/www.caesars-northcamps.com\\\/fr\\\/peche\\\/\"},{\"@type\":\"ListItem\",\"position\":3,\"name\":\"Cours d&#8217;embarcations\"}]},{\"@type\":\"WebSite\",\"@id\":\"https:\\\/\\\/www.caesars-northcamps.com\\\/#website\",\"url\":\"https:\\\/\\\/www.caesars-northcamps.com\\\/\",\"name\":\"Caesar&#039;s North Camps\",\"description\":\"Best Fly-in fishing and hunting trips in Northern Quebec\",\"potentialAction\":[{\"@type\":\"SearchAction\",\"target\":{\"@type\":\"EntryPoint\",\"urlTemplate\":\"https:\\\/\\\/www.caesars-northcamps.com\\\/?s={search_term_string}\"},\"query-input\":{\"@type\":\"PropertyValueSpecification\",\"valueRequired\":true,\"valueName\":\"search_term_string\"}}],\"inLanguage\":\"fr-FR\"}]}<\/script>\n<!-- \/ Yoast SEO plugin. -->","yoast_head_json":{"title":"Comment obtenir son permis de b\u00e2teau au Qu\u00e9bec | Caesar's North Camps","description":"Vous devez avoir votre permis de bateau ou d'embarcation de plaisance au Qu\u00e9bec pour conduire un bateau motoris\u00e9. Nous pouvons vous aider \u00e0 l'obtenir","robots":{"index":"index","follow":"follow","max-snippet":"max-snippet:-1","max-image-preview":"max-image-preview:large","max-video-preview":"max-video-preview:-1"},"canonical":"https:\/\/www.caesars-northcamps.com\/fr\/peche\/cours-dembarcations\/","og_locale":"fr_FR","og_type":"article","og_title":"Comment obtenir son permis de b\u00e2teau au Qu\u00e9bec | Caesar's North Camps","og_description":"Vous devez avoir votre permis de bateau ou d'embarcation de plaisance au Qu\u00e9bec pour conduire un bateau motoris\u00e9. Nous pouvons vous aider \u00e0 l'obtenir","og_url":"https:\/\/www.caesars-northcamps.com\/fr\/peche\/cours-dembarcations\/","og_site_name":"Caesar&#039;s North Camps","article_modified_time":"2018-12-15T14:32:39+00:00","twitter_card":"summary_large_image","schema":{"@context":"https:\/\/schema.org","@graph":[{"@type":"WebPage","@id":"https:\/\/www.caesars-northcamps.com\/fr\/peche\/cours-dembarcations\/","url":"https:\/\/www.caesars-northcamps.com\/fr\/peche\/cours-dembarcations\/","name":"Comment obtenir son permis de b\u00e2teau au Qu\u00e9bec | Caesar's North Camps","isPartOf":{"@id":"https:\/\/www.caesars-northcamps.com\/#website"},"datePublished":"2018-01-18T11:43:20+00:00","dateModified":"2018-12-15T14:32:39+00:00","description":"Vous devez avoir votre permis de bateau ou d'embarcation de plaisance au Qu\u00e9bec pour conduire un bateau motoris\u00e9. Nous pouvons vous aider \u00e0 l'obtenir","breadcrumb":{"@id":"https:\/\/www.caesars-northcamps.com\/fr\/peche\/cours-dembarcations\/#breadcrumb"},"inLanguage":"fr-FR","potentialAction":[{"@type":"ReadAction","target":["https:\/\/www.caesars-northcamps.com\/fr\/peche\/cours-dembarcations\/"]}]},{"@type":"BreadcrumbList","@id":"https:\/\/www.caesars-northcamps.com\/fr\/peche\/cours-dembarcations\/#breadcrumb","itemListElement":[{"@type":"ListItem","position":1,"name":"Accueil","item":"https:\/\/www.caesars-northcamps.com\/fr\/"},{"@type":"ListItem","position":2,"name":"P\u00eache","item":"https:\/\/www.caesars-northcamps.com\/fr\/peche\/"},{"@type":"ListItem","position":3,"name":"Cours d&#8217;embarcations"}]},{"@type":"WebSite","@id":"https:\/\/www.caesars-northcamps.com\/#website","url":"https:\/\/www.caesars-northcamps.com\/","name":"Caesar&#039;s North Camps","description":"Best Fly-in fishing and hunting trips in Northern Quebec","potentialAction":[{"@type":"SearchAction","target":{"@type":"EntryPoint","urlTemplate":"https:\/\/www.caesars-northcamps.com\/?s={search_term_string}"},"query-input":{"@type":"PropertyValueSpecification","valueRequired":true,"valueName":"search_term_string"}}],"inLanguage":"fr-FR"}]}},"_links":{"self":[{"href":"https:\/\/www.caesars-northcamps.com\/fr\/wp-json\/wp\/v2\/pages\/1018","targetHints":{"allow":["GET"]}}],"collection":[{"href":"https:\/\/www.caesars-northcamps.com\/fr\/wp-json\/wp\/v2\/pages"}],"about":[{"href":"https:\/\/www.caesars-northcamps.com\/fr\/wp-json\/wp\/v2\/types\/page"}],"author":[{"embeddable":true,"href":"https:\/\/www.caesars-northcamps.com\/fr\/wp-json\/wp\/v2\/users\/1"}],"replies":[{"embeddable":true,"href":"https:\/\/www.caesars-northcamps.com\/fr\/wp-json\/wp\/v2\/comments?post=1018"}],"version-history":[{"count":4,"href":"https:\/\/www.caesars-northcamps.com\/fr\/wp-json\/wp\/v2\/pages\/1018\/revisions"}],"predecessor-version":[{"id":1917,"href":"https:\/\/www.caesars-northcamps.com\/fr\/wp-json\/wp\/v2\/pages\/1018\/revisions\/1917"}],"up":[{"embeddable":true,"href":"https:\/\/www.caesars-northcamps.com\/fr\/wp-json\/wp\/v2\/pages\/1014"}],"wp:attachment":[{"href":"https:\/\/www.caesars-northcamps.com\/fr\/wp-json\/wp\/v2\/media?parent=1018"}],"curies":[{"name":"wp","href":"https:\/\/api.w.org\/{rel}","templated":true}]}}