{"id":1010,"date":"2018-01-18T12:38:42","date_gmt":"2018-01-18T11:38:42","guid":{"rendered":"http:\/\/www.caesars-northcamps.com\/?page_id=1010"},"modified":"2022-01-06T16:20:34","modified_gmt":"2022-01-06T15:20:34","slug":"permis-de-peche","status":"publish","type":"page","link":"https:\/\/www.caesars-northcamps.com\/fr\/permis-de-peche\/","title":{"rendered":"Permis de P\u00eache"},"content":{"rendered":"<section class=\"l-section wpb_row height_medium\"><div class=\"l-section-h i-cf\"><div class=\"g-cols vc_row via_flex valign_top type_default stacking_default\"><div class=\"vc_col-sm-12 wpb_column vc_column_container\"><div class=\"vc_column-inner\"><div class=\"wpb_wrapper\"><div class=\"wpb_text_column\"><div class=\"wpb_wrapper\"><h2>Les prix des permis de p\u00eache au Qu\u00e9bec<\/h2>\n<\/div><\/div>[vc_raw_html]JTNDZGl2JTIwY2xhc3MlM0QlMjJjbmMtYm94LXNjcm9sbGluZyUyMiUzRSUwQSUzQ3RhYmxlJTIwY2xhc3MlM0QlMjJjbmMtdGFibGUtcHJpY2luZyUyMHRhYmxlLWZpc2hpbmctcGFja2FnZXMlMjIlM0UlMEElM0N0aGVhZCUzRSUwQSUzQ3RyJTNFJTBBJTNDdGglMjBjbGFzcyUzRCUyMmNuYy1tYWluLXRpdGxlLXRhYiUyMiUyMGNvbHNwYW4lM0QlMjI0JTIyJTNFUHJpeCUyMGRlcyUyMFBlcm1pcyUyMGRlJTIwcCVDMyVBQWNoZSUyMCUyOCUyNCUyMENBRCUyOSUzQyUyRnRoJTNFJTBBJTNDJTJGdHIlM0UlMEElM0N0ciUzRSUwQSUzQ3RoJTIwY29sc3BhbiUzRCUyMjIlMjIlM0VQZXJtaXMlMjBMYWNzJTIwUiVDMyVBOWd1bGllcnMlM0MlMkZ0aCUzRSUwQSUzQ3RoJTIwY29sc3BhbiUzRCUyMjIlMjIlM0VQZXJtaXMlMjBSJUMzJUE5c2Vydm9pciUyMEdvdWluJTNDJTJGdGglM0UlMEElM0MlMkZ0ciUzRSUwQSUzQ3RyJTNFJTBBJTNDdGglMjBjbGFzcyUzRCUyMnR4dC1yZWclMjIlM0VSZW1pc2UlMjAlQzMlQTAlMjBsJTI3ZWF1JTIwc3VyJTIwbGVzJTIwTGFjcyUzQyUyRnRoJTNFJTBBJTNDdGglMjBjbGFzcyUzRCUyMnR4dC1yZWclMjIlM0U3JTIwam91cnMlMjBzdXIlMjBsZXMlMjBMYWNzJTNDJTJGdGglM0UlMEElM0N0aCUyMGNsYXNzJTNEJTIydHh0LXJlZyUyMiUzRTclMjBqb3VycyUyMHN1ciUyMEdvdWluJTNDJTJGdGglM0UlMEElM0N0aCUyMGNsYXNzJTNEJTIydHh0LXJlZyUyMiUzRVJlbWlzZSUyMCVDMyVBMCUyMGwlMjdlYXUlMjBzdXIlMjBHb3VpbiUzQyUyRnRoJTNFJTBBJTNDJTJGdHIlM0UlMEElM0MlMkZ0aGVhZCUzRSUwQSUzQ3Rib2R5JTNFJTBBJTNDdHIlM0UlMEElM0N0ZCUyMGNsYXNzJTNEJTIyY2VudGVyJTIyJTNFNDAuMDAlMjAlMjQlM0MlMkZ0ZCUzRSUwQSUzQ3RkJTIwY2xhc3MlM0QlMjJjZW50ZXIlMjIlM0U1NS4wMCUyMCUyNCUzQyUyRnRkJTNFJTBBJTNDdGQlMjBjbGFzcyUzRCUyMmNlbnRlciUyMiUzRTUwLjAwJTIwJTI0JTNDJTJGdGQlM0UlMEElM0N0ZCUyMGNsYXNzJTNEJTIyY2VudGVyJTIyJTNFNDAuMDAlMjAlMjQlM0MlMkZ0ZCUzRSUwQSUzQyUyRnRyJTNFJTBBJTNDJTJGdGJvZHklM0UlMEElM0MlMkZ0YWJsZSUzRSUwQSUzQyUyRmRpdiUzRQ==[\/vc_raw_html]<div class=\"w-separator size_custom\" style=\"height:32px\"><\/div><div class=\"w-btn-wrapper align_none\"><a class=\"w-btn us-btn-style_1\" href=\"https:\/\/www.caesars-northcamps.com\/fr\/formulaire-permis\/\"><span class=\"w-btn-label\">Formulaire de permis<\/span><\/a><\/div><div class=\"w-separator size_custom\" style=\"height:15px\"><\/div><div class=\"wpb_text_column\"><div class=\"wpb_wrapper\"><ul>\n<li>Le prix des permis est sujet au changement par le gouvernement du loisir du Qu\u00e9bec<\/li>\n<li>Vous pouvez remplir le formulaire et de nous l&rsquo;envoyer par courrier ou email 6 semaines avant le d\u00e9but de votre voyage de p\u00eache<\/li>\n<\/ul>\n<\/div><\/div><\/div><\/div><\/div><\/div><\/div><\/section>\n","protected":false},"excerpt":{"rendered":"Les prix des permis de p\u00eache au Qu\u00e9bec [vc_raw_html]JTNDZGl2JTIwY2xhc3MlM0QlMjJjbmMtYm94LXNjcm9sbGluZyUyMiUzRSUwQSUzQ3RhYmxlJTIwY2xhc3MlM0QlMjJjbmMtdGFibGUtcHJpY2luZyUyMHRhYmxlLWZpc2hpbmctcGFja2FnZXMlMjIlM0UlMEElM0N0aGVhZCUzRSUwQSUzQ3RyJTNFJTBBJTNDdGglMjBjbGFzcyUzRCUyMmNuYy1tYWluLXRpdGxlLXRhYiUyMiUyMGNvbHNwYW4lM0QlMjI0JTIyJTNFUHJpeCUyMGRlcyUyMFBlcm1pcyUyMGRlJTIwcCVDMyVBQWNoZSUyMCUyOCUyNCUyMENBRCUyOSUzQyUyRnRoJTNFJTBBJTNDJTJGdHIlM0UlMEElM0N0ciUzRSUwQSUzQ3RoJTIwY29sc3BhbiUzRCUyMjIlMjIlM0VQZXJtaXMlMjBMYWNzJTIwUiVDMyVBOWd1bGllcnMlM0MlMkZ0aCUzRSUwQSUzQ3RoJTIwY29sc3BhbiUzRCUyMjIlMjIlM0VQZXJtaXMlMjBSJUMzJUE5c2Vydm9pciUyMEdvdWluJTNDJTJGdGglM0UlMEElM0MlMkZ0ciUzRSUwQSUzQ3RyJTNFJTBBJTNDdGglMjBjbGFzcyUzRCUyMnR4dC1yZWclMjIlM0VSZW1pc2UlMjAlQzMlQTAlMjBsJTI3ZWF1JTIwc3VyJTIwbGVzJTIwTGFjcyUzQyUyRnRoJTNFJTBBJTNDdGglMjBjbGFzcyUzRCUyMnR4dC1yZWclMjIlM0U3JTIwam91cnMlMjBzdXIlMjBsZXMlMjBMYWNzJTNDJTJGdGglM0UlMEElM0N0aCUyMGNsYXNzJTNEJTIydHh0LXJlZyUyMiUzRTclMjBqb3VycyUyMHN1ciUyMEdvdWluJTNDJTJGdGglM0UlMEElM0N0aCUyMGNsYXNzJTNEJTIydHh0LXJlZyUyMiUzRVJlbWlzZSUyMCVDMyVBMCUyMGwlMjdlYXUlMjBzdXIlMjBHb3VpbiUzQyUyRnRoJTNFJTBBJTNDJTJGdHIlM0UlMEElM0MlMkZ0aGVhZCUzRSUwQSUzQ3Rib2R5JTNFJTBBJTNDdHIlM0UlMEElM0N0ZCUyMGNsYXNzJTNEJTIyY2VudGVyJTIyJTNFNDAuMDAlMjAlMjQlM0MlMkZ0ZCUzRSUwQSUzQ3RkJTIwY2xhc3MlM0QlMjJjZW50ZXIlMjIlM0U1NS4wMCUyMCUyNCUzQyUyRnRkJTNFJTBBJTNDdGQlMjBjbGFzcyUzRCUyMmNlbnRlciUyMiUzRTUwLjAwJTIwJTI0JTNDJTJGdGQlM0UlMEElM0N0ZCUyMGNsYXNzJTNEJTIyY2VudGVyJTIyJTNFNDAuMDAlMjAlMjQlM0MlMkZ0ZCUzRSUwQSUzQyUyRnRyJTNFJTBBJTNDJTJGdGJvZHklM0UlMEElM0MlMkZ0YWJsZSUzRSUwQSUzQyUyRmRpdiUzRQ==[\/vc_raw_html]Formulaire de permis Le prix des permis est sujet au changement par le gouvernement du loisir du Qu\u00e9bec Vous pouvez remplir le formulaire et de nous l&rsquo;envoyer par courrier ou email 6 semaines avant le d\u00e9but de votre voyage de p\u00eache","protected":false},"author":1,"featured_media":0,"parent":0,"menu_order":0,"comment_status":"closed","ping_status":"closed","template":"","meta":{"footnotes":""},"class_list":["post-1010","page","type-page","status-publish","hentry"],"yoast_head":"<!-- This site is optimized with the Yoast SEO plugin v27.2 - https:\/\/yoast.com\/product\/yoast-seo-wordpress\/ -->\n<title>Comment obtenir son permis de p\u00eache sportive au Qu\u00e9bec | Caesar&#039;s North Camps<\/title>\n<meta name=\"description\" content=\"Sur Caesar&#039;s North Camps on peut vous obtenir votre permis de p\u00eache sportive pour votre voyage ou s\u00e9jour sur une de nos 14 destinations p\u00eache du Qu\u00e9bec\" \/>\n<meta name=\"robots\" content=\"index, follow, max-snippet:-1, max-image-preview:large, max-video-preview:-1\" \/>\n<link rel=\"canonical\" href=\"https:\/\/www.caesars-northcamps.com\/fr\/permis-de-peche\/\" \/>\n<meta property=\"og:locale\" content=\"fr_FR\" \/>\n<meta property=\"og:type\" content=\"article\" \/>\n<meta property=\"og:title\" content=\"Comment obtenir son permis de p\u00eache sportive au Qu\u00e9bec | Caesar&#039;s North Camps\" \/>\n<meta property=\"og:description\" content=\"Sur Caesar&#039;s North Camps on peut vous obtenir votre permis de p\u00eache sportive pour votre voyage ou s\u00e9jour sur une de nos 14 destinations p\u00eache du Qu\u00e9bec\" \/>\n<meta property=\"og:url\" content=\"https:\/\/www.caesars-northcamps.com\/fr\/permis-de-peche\/\" \/>\n<meta property=\"og:site_name\" content=\"Caesar&#039;s North Camps\" \/>\n<meta property=\"article:modified_time\" content=\"2022-01-06T15:20:34+00:00\" \/>\n<meta name=\"twitter:card\" content=\"summary_large_image\" \/>\n<meta name=\"twitter:label1\" content=\"Dur\u00e9e de lecture estim\u00e9e\" \/>\n\t<meta name=\"twitter:data1\" content=\"1 minute\" \/>\n<script type=\"application\/ld+json\" class=\"yoast-schema-graph\">{\"@context\":\"https:\/\/schema.org\",\"@graph\":[{\"@type\":\"WebPage\",\"@id\":\"https:\/\/www.caesars-northcamps.com\/fr\/permis-de-peche\/\",\"url\":\"https:\/\/www.caesars-northcamps.com\/fr\/permis-de-peche\/\",\"name\":\"Comment obtenir son permis de p\u00eache sportive au Qu\u00e9bec | Caesar's North Camps\",\"isPartOf\":{\"@id\":\"https:\/\/www.caesars-northcamps.com\/#website\"},\"datePublished\":\"2018-01-18T11:38:42+00:00\",\"dateModified\":\"2022-01-06T15:20:34+00:00\",\"description\":\"Sur Caesar's North Camps on peut vous obtenir votre permis de p\u00eache sportive pour votre voyage ou s\u00e9jour sur une de nos 14 destinations p\u00eache du Qu\u00e9bec\",\"breadcrumb\":{\"@id\":\"https:\/\/www.caesars-northcamps.com\/fr\/permis-de-peche\/#breadcrumb\"},\"inLanguage\":\"fr-FR\",\"potentialAction\":[{\"@type\":\"ReadAction\",\"target\":[\"https:\/\/www.caesars-northcamps.com\/fr\/permis-de-peche\/\"]}]},{\"@type\":\"BreadcrumbList\",\"@id\":\"https:\/\/www.caesars-northcamps.com\/fr\/permis-de-peche\/#breadcrumb\",\"itemListElement\":[{\"@type\":\"ListItem\",\"position\":1,\"name\":\"Accueil\",\"item\":\"https:\/\/www.caesars-northcamps.com\/fr\/\"},{\"@type\":\"ListItem\",\"position\":2,\"name\":\"Permis de P\u00eache\"}]},{\"@type\":\"WebSite\",\"@id\":\"https:\/\/www.caesars-northcamps.com\/#website\",\"url\":\"https:\/\/www.caesars-northcamps.com\/\",\"name\":\"Caesar&#039;s North Camps\",\"description\":\"Best Fly-in fishing and hunting trips in Northern Quebec\",\"potentialAction\":[{\"@type\":\"SearchAction\",\"target\":{\"@type\":\"EntryPoint\",\"urlTemplate\":\"https:\/\/www.caesars-northcamps.com\/?s={search_term_string}\"},\"query-input\":{\"@type\":\"PropertyValueSpecification\",\"valueRequired\":true,\"valueName\":\"search_term_string\"}}],\"inLanguage\":\"fr-FR\"}]}<\/script>\n<!-- \/ Yoast SEO plugin. -->","yoast_head_json":{"title":"Comment obtenir son permis de p\u00eache sportive au Qu\u00e9bec | Caesar's North Camps","description":"Sur Caesar's North Camps on peut vous obtenir votre permis de p\u00eache sportive pour votre voyage ou s\u00e9jour sur une de nos 14 destinations p\u00eache du Qu\u00e9bec","robots":{"index":"index","follow":"follow","max-snippet":"max-snippet:-1","max-image-preview":"max-image-preview:large","max-video-preview":"max-video-preview:-1"},"canonical":"https:\/\/www.caesars-northcamps.com\/fr\/permis-de-peche\/","og_locale":"fr_FR","og_type":"article","og_title":"Comment obtenir son permis de p\u00eache sportive au Qu\u00e9bec | Caesar's North Camps","og_description":"Sur Caesar's North Camps on peut vous obtenir votre permis de p\u00eache sportive pour votre voyage ou s\u00e9jour sur une de nos 14 destinations p\u00eache du Qu\u00e9bec","og_url":"https:\/\/www.caesars-northcamps.com\/fr\/permis-de-peche\/","og_site_name":"Caesar&#039;s North Camps","article_modified_time":"2022-01-06T15:20:34+00:00","twitter_card":"summary_large_image","twitter_misc":{"Dur\u00e9e de lecture estim\u00e9e":"1 minute"},"schema":{"@context":"https:\/\/schema.org","@graph":[{"@type":"WebPage","@id":"https:\/\/www.caesars-northcamps.com\/fr\/permis-de-peche\/","url":"https:\/\/www.caesars-northcamps.com\/fr\/permis-de-peche\/","name":"Comment obtenir son permis de p\u00eache sportive au Qu\u00e9bec | Caesar's North Camps","isPartOf":{"@id":"https:\/\/www.caesars-northcamps.com\/#website"},"datePublished":"2018-01-18T11:38:42+00:00","dateModified":"2022-01-06T15:20:34+00:00","description":"Sur Caesar's North Camps on peut vous obtenir votre permis de p\u00eache sportive pour votre voyage ou s\u00e9jour sur une de nos 14 destinations p\u00eache du Qu\u00e9bec","breadcrumb":{"@id":"https:\/\/www.caesars-northcamps.com\/fr\/permis-de-peche\/#breadcrumb"},"inLanguage":"fr-FR","potentialAction":[{"@type":"ReadAction","target":["https:\/\/www.caesars-northcamps.com\/fr\/permis-de-peche\/"]}]},{"@type":"BreadcrumbList","@id":"https:\/\/www.caesars-northcamps.com\/fr\/permis-de-peche\/#breadcrumb","itemListElement":[{"@type":"ListItem","position":1,"name":"Accueil","item":"https:\/\/www.caesars-northcamps.com\/fr\/"},{"@type":"ListItem","position":2,"name":"Permis de P\u00eache"}]},{"@type":"WebSite","@id":"https:\/\/www.caesars-northcamps.com\/#website","url":"https:\/\/www.caesars-northcamps.com\/","name":"Caesar&#039;s North Camps","description":"Best Fly-in fishing and hunting trips in Northern Quebec","potentialAction":[{"@type":"SearchAction","target":{"@type":"EntryPoint","urlTemplate":"https:\/\/www.caesars-northcamps.com\/?s={search_term_string}"},"query-input":{"@type":"PropertyValueSpecification","valueRequired":true,"valueName":"search_term_string"}}],"inLanguage":"fr-FR"}]}},"_links":{"self":[{"href":"https:\/\/www.caesars-northcamps.com\/fr\/wp-json\/wp\/v2\/pages\/1010","targetHints":{"allow":["GET"]}}],"collection":[{"href":"https:\/\/www.caesars-northcamps.com\/fr\/wp-json\/wp\/v2\/pages"}],"about":[{"href":"https:\/\/www.caesars-northcamps.com\/fr\/wp-json\/wp\/v2\/types\/page"}],"author":[{"embeddable":true,"href":"https:\/\/www.caesars-northcamps.com\/fr\/wp-json\/wp\/v2\/users\/1"}],"replies":[{"embeddable":true,"href":"https:\/\/www.caesars-northcamps.com\/fr\/wp-json\/wp\/v2\/comments?post=1010"}],"version-history":[{"count":10,"href":"https:\/\/www.caesars-northcamps.com\/fr\/wp-json\/wp\/v2\/pages\/1010\/revisions"}],"predecessor-version":[{"id":2509,"href":"https:\/\/www.caesars-northcamps.com\/fr\/wp-json\/wp\/v2\/pages\/1010\/revisions\/2509"}],"wp:attachment":[{"href":"https:\/\/www.caesars-northcamps.com\/fr\/wp-json\/wp\/v2\/media?parent=1010"}],"curies":[{"name":"wp","href":"https:\/\/api.w.org\/{rel}","templated":true}]}}