{"id":1008,"date":"2018-01-18T12:37:37","date_gmt":"2018-01-18T11:37:37","guid":{"rendered":"http:\/\/www.caesars-northcamps.com\/?page_id=1008"},"modified":"2026-01-20T09:17:22","modified_gmt":"2026-01-20T08:17:22","slug":"directions","status":"publish","type":"page","link":"https:\/\/www.caesars-northcamps.com\/fr\/directions\/","title":{"rendered":"Directions"},"content":{"rendered":"<section class=\"l-section wpb_row height_medium\"><div class=\"l-section-h i-cf\"><div class=\"g-cols vc_row via_flex valign_top type_default stacking_default\"><div class=\"vc_col-sm-4 wpb_column vc_column_container\"><div class=\"vc_column-inner\"><div class=\"wpb_wrapper\"><div class=\"wpb_text_column\"><div class=\"wpb_wrapper\"><h2>\u00c0 partir d&rsquo;Ottawa<\/h2>\n<ul>\n<li>Prenez l\u2019autoroute 50 Est. \u00c0 Buckingham bifurquez sur la 309 Nord jusqu\u2019\u00e0 Mont-Laurier , puis vers Mont Saint-Michel.<\/li>\n<li>Quelques kilom\u00e8tres pass\u00e9 Mont-Saint-Michel , toujours sur la 309, prenez \u00e0 droite sur le chemin de Parent. Suivez les indications jusqu\u2019\u00e0 Parent ( 178 km ). \u00c0 Parent , apr\u00e8s le pont , tournez \u00e0 gauche vers Clova.<\/li>\n<li>Suivez les indications vers Clova ( 95 km ) et C\u00e9sar les Camps du Nord. Vous nous trouverez ais\u00e9ment dans le village de Clova.<\/li>\n<\/ul>\n<\/div><\/div><\/div><\/div><\/div><div class=\"vc_col-sm-4 wpb_column vc_column_container\"><div class=\"vc_column-inner\"><div class=\"wpb_wrapper\"><div class=\"wpb_text_column\"><div class=\"wpb_wrapper\"><h2>En provenance de Montr\u00e9al<\/h2>\n<ul>\n<li>Prenez l\u2019autoroute 15 puis la 117 Nord vers Mont-Laurier. \u00c0 Lac-des-\u00c9corces , bifurquez sur la 311 Nord vers Mont-Saint-Michel. ( vous pouvez prendre le chemin des Quatre-Fourches pour rejoindre la 311 un peu avant Lac-des-\u00c9corces comme raccourci ).<\/li>\n<li>Quelques kilom\u00e8tres pass\u00e9 Mont-Saint-Michel , toujours sur la 309, prenez \u00e0 droite sur le chemin de Parent. Suivez les indications jusqu\u2019\u00e0 Parent ( 178 km ). \u00c0 Parent , apr\u00e8s le pont , tournez \u00e0 gauche vers Clova.<\/li>\n<li>Suivez les indications vers Clova ( 95 km ) et C\u00e9sar les Camps du Nord. Vous nous trouverez ais\u00e9ment dans le village de Clova.<\/li>\n<\/ul>\n<\/div><\/div><\/div><\/div><\/div><div class=\"vc_col-sm-4 wpb_column vc_column_container\"><div class=\"vc_column-inner\"><div class=\"wpb_wrapper\"><div class=\"wpb_text_column\"><div class=\"wpb_wrapper\"><h2>En passant par La Tuque<\/h2>\n<ul>\n<li>Prenez l\u2019autoroute 55 puis la 155 Nord jusqu\u2019\u00e0 La Tuque. \u00c0 La Tuque , tournez sur la rue Bostonnais vers La Croche. Apr\u00e8s quelques kilom\u00e8tres , prenez \u00e0 gauche sur le chemin Moisan\/Rte 461 ( route foresti\u00e8re 25 ) vers Wemotaci. Au km 103 , bifurquez \u00e0 gauche ( Rte 405 ) vers Parent. Au km 179 ( stop ) , tournez \u00e0 gauche vers Parent ( 5 km ). \u00c0 Parent , prenez \u00e0 droite vers Clova.<\/li>\n<li>Suivez les indications vers Clova ( 95 km ) et C\u00e9sar les Camps du Nord. Vous nous trouverez ais\u00e9ment dans le village de Clova.<\/li>\n<\/ul>\n<\/div><\/div><\/div><\/div><\/div><div class=\"vc_col-sm-12 wpb_column vc_column_container\"><div class=\"vc_column-inner\"><div class=\"wpb_wrapper\"><div class=\"w-separator size_custom\" style=\"height:32px\"><\/div><div class=\"w-grid us_post_list apply_url_params type_grid layout_gallery_default cols_3 preload_style_spinner\" id=\"us_post_list_i075\" style=\"--columns:3;--gap:4px;\"><style>@media (max-width:479px){#us_post_list_i075{--columns:2!important}}.layout_gallery_default .w-grid-item-h{}<\/style><div class=\"w-grid-list\">\t<article class=\"w-grid-item size_1x1 post-1464 attachment type-attachment status-inherit hentry\" data-id=\"1464\">\r\n\t\t<div class=\"w-grid-item-h\">\r\n\t\t\t\t\t\t\t<a ref=\"magnificPopupGrid\" href=\"https:\/\/www.caesars-northcamps.com\/wp-content\/uploads\/2017\/12\/caesars-north-camp-map-clova.jpg\" class=\"w-grid-item-anchor\" aria-label=\"caesars-north-camp-map-clova\"><\/a>\r\n\t\t\t\t\t\t<div class=\"w-post-elm post_image usg_post_image_1 stretched\"><img loading=\"lazy\" decoding=\"async\" width=\"400\" height=\"525\" src=\"https:\/\/www.caesars-northcamps.com\/wp-content\/uploads\/2017\/12\/caesars-north-camp-map-clova.jpg\" class=\"attachment-full size-full\" alt=\"\" srcset=\"https:\/\/www.caesars-northcamps.com\/wp-content\/uploads\/2017\/12\/caesars-north-camp-map-clova.jpg 400w, https:\/\/www.caesars-northcamps.com\/wp-content\/uploads\/2017\/12\/caesars-north-camp-map-clova-229x300.jpg 229w\" sizes=\"auto, (max-width: 400px) 100vw, 400px\" \/><\/div>\t\t<\/div>\r\n\t\t\t<\/article>\r\n\t<article class=\"w-grid-item size_1x1 post-1463 attachment type-attachment status-inherit hentry\" data-id=\"1463\">\r\n\t\t<div class=\"w-grid-item-h\">\r\n\t\t\t\t\t\t\t<a ref=\"magnificPopupGrid\" href=\"https:\/\/www.caesars-northcamps.com\/wp-content\/uploads\/2017\/12\/caesars-northcamp-map-caesars-camp.jpg\" class=\"w-grid-item-anchor\" aria-label=\"caesars-northcamp-map-caesars-camp\"><\/a>\r\n\t\t\t\t\t\t<div class=\"w-post-elm post_image usg_post_image_1 stretched\"><img loading=\"lazy\" decoding=\"async\" width=\"400\" height=\"525\" src=\"https:\/\/www.caesars-northcamps.com\/wp-content\/uploads\/2017\/12\/caesars-northcamp-map-caesars-camp.jpg\" class=\"attachment-full size-full\" alt=\"\" srcset=\"https:\/\/www.caesars-northcamps.com\/wp-content\/uploads\/2017\/12\/caesars-northcamp-map-caesars-camp.jpg 400w, https:\/\/www.caesars-northcamps.com\/wp-content\/uploads\/2017\/12\/caesars-northcamp-map-caesars-camp-229x300.jpg 229w\" sizes=\"auto, (max-width: 400px) 100vw, 400px\" \/><\/div>\t\t<\/div>\r\n\t\t\t<\/article>\r\n<\/div><div class=\"g-loadmore hidden\"><div class=\"g-preloader type_1\"><div><\/div><\/div><\/div><div class=\"w-grid-list-json hidden\" onclick='return {&quot;max_num_pages&quot;:0,&quot;paginationBase&quot;:&quot;page&quot;,&quot;pagination&quot;:&quot;none&quot;,&quot;paged&quot;:1,&quot;ajaxData&quot;:{&quot;action&quot;:&quot;us_ajax_post_list&quot;,&quot;meta_type&quot;:&quot;post&quot;,&quot;object_id&quot;:0,&quot;template_vars&quot;:{&quot;shortcode_base&quot;:&quot;us_post_list&quot;,&quot;paged&quot;:1,&quot;max_num_pages&quot;:0,&quot;no_results&quot;:false,&quot;us_post_content_design_css&quot;:[],&quot;found_posts&quot;:0,&quot;per_page&quot;:999,&quot;items_count&quot;:2,&quot;orderby_random_seed&quot;:null,&quot;source&quot;:&quot;media&quot;,&quot;ids&quot;:&quot;&quot;,&quot;post_type&quot;:&quot;&quot;,&quot;attachment_ids&quot;:&quot;185,184&quot;,&quot;include_post_thumbnail&quot;:0,&quot;post_author&quot;:&quot;any&quot;,&quot;post_author_ids&quot;:&quot;&quot;,&quot;apply_url_params&quot;:&quot;1&quot;,&quot;ignore_sticky_posts&quot;:&quot;0&quot;,&quot;exclude_children&quot;:0,&quot;exclude_current_post&quot;:1,&quot;exclude_prev_posts&quot;:0,&quot;exclude_past_events&quot;:&quot;1&quot;,&quot;enable_items_offset&quot;:0,&quot;items_offset&quot;:&quot;1&quot;,&quot;tax_query_relation&quot;:&quot;none&quot;,&quot;tax_query&quot;:[{&quot;operator&quot;:&quot;IN&quot;,&quot;taxonomy&quot;:&quot;category&quot;,&quot;terms&quot;:&quot;&quot;,&quot;include_children&quot;:0}],&quot;meta_query_relation&quot;:&quot;none&quot;,&quot;meta_query&quot;:[{&quot;key&quot;:&quot;custom_field_name&quot;,&quot;compare&quot;:&quot;=&quot;,&quot;value&quot;:&quot;&quot;}],&quot;orderby&quot;:&quot;post__in&quot;,&quot;orderby_custom_field&quot;:&quot;&quot;,&quot;orderby_custom_type&quot;:0,&quot;order_invert&quot;:&quot;1&quot;,&quot;show_all&quot;:&quot;1&quot;,&quot;quantity&quot;:&quot;12&quot;,&quot;posts_per_archive_page&quot;:0,&quot;no_items_action&quot;:&quot;message&quot;,&quot;no_items_message&quot;:&quot;Aucun r\\u00e9sultat.&quot;,&quot;no_items_page_block&quot;:&quot;&quot;,&quot;pagination&quot;:&quot;none&quot;,&quot;pagination_style&quot;:&quot;&quot;,&quot;pagination_btn_text&quot;:&quot;Charger plus&quot;,&quot;pagination_btn_size&quot;:&quot;&quot;,&quot;pagination_btn_style&quot;:&quot;1&quot;,&quot;pagination_btn_fullwidth&quot;:0,&quot;items_layout&quot;:&quot;gallery_default&quot;,&quot;type&quot;:&quot;grid&quot;,&quot;items_valign&quot;:0,&quot;ignore_items_size&quot;:0,&quot;columns&quot;:&quot;3&quot;,&quot;items_gap&quot;:&quot;4px&quot;,&quot;load_animation&quot;:&quot;none&quot;,&quot;items_preload_style&quot;:&quot;spinner&quot;,&quot;img_size&quot;:&quot;full&quot;,&quot;title_size&quot;:&quot;&quot;,&quot;items_ratio&quot;:&quot;default&quot;,&quot;items_ratio_width&quot;:&quot;21&quot;,&quot;items_ratio_height&quot;:&quot;9&quot;,&quot;overriding_link&quot;:&quot;%7B%22type%22%3A%22popup_image%22%7D&quot;,&quot;popup_page_template&quot;:&quot;0&quot;,&quot;popup_width&quot;:&quot;&quot;,&quot;popup_arrows&quot;:1,&quot;breakpoint_1_width&quot;:&quot;1281px&quot;,&quot;breakpoint_1_cols&quot;:&quot;3&quot;,&quot;breakpoint_1_quantity&quot;:&quot;&quot;,&quot;breakpoint_1_gap&quot;:&quot;&quot;,&quot;breakpoint_2_width&quot;:&quot;768px&quot;,&quot;breakpoint_2_cols&quot;:&quot;3&quot;,&quot;breakpoint_2_quantity&quot;:&quot;&quot;,&quot;breakpoint_2_gap&quot;:&quot;&quot;,&quot;breakpoint_3_width&quot;:&quot;480px&quot;,&quot;breakpoint_3_cols&quot;:&quot;2&quot;,&quot;breakpoint_3_quantity&quot;:&quot;&quot;,&quot;breakpoint_3_gap&quot;:&quot;&quot;,&quot;conditions_operator&quot;:&quot;always&quot;,&quot;conditions&quot;:[],&quot;css&quot;:null,&quot;el_class&quot;:&quot;&quot;,&quot;el_id&quot;:&quot;&quot;,&quot;enable_custom_html_atts&quot;:0,&quot;custom_html_atts&quot;:null,&quot;hide_on_states&quot;:&quot;&quot;,&quot;hide_for_sticky&quot;:0,&quot;hide_for_not_sticky&quot;:0,&quot;hide_below&quot;:&quot;0px&quot;,&quot;hide_above&quot;:&quot;0px&quot;,&quot;classes&quot;:&quot;&quot;},&quot;found_posts&quot;:0,&quot;per_page&quot;:999,&quot;list_filters&quot;:&quot;[]&quot;},&quot;facetedFilter&quot;:{&quot;query_args_unfiltered&quot;:&quot;{\\&quot;ignore_sticky_posts\\&quot;:false,\\&quot;post__not_in\\&quot;:[],\\&quot;tax_query\\&quot;:[],\\&quot;meta_query\\&quot;:[],\\&quot;posts_per_page\\&quot;:999,\\&quot;paged\\&quot;:1,\\&quot;apply_list_url_params\\&quot;:true,\\&quot;post_type\\&quot;:\\&quot;attachment\\&quot;,\\&quot;no_found_rows\\&quot;:true,\\&quot;post_status\\&quot;:\\&quot;inherit\\&quot;,\\&quot;post_mime_type\\&quot;:\\&quot;image\\&quot;,\\&quot;post__in\\&quot;:[\\&quot;185\\&quot;,\\&quot;184\\&quot;]}&quot;}}'><\/div><\/div><div class=\"w-grid us_post_list type_grid layout_gallery_default cols_3 preload_style_spinner\" id=\"us_post_list_m0b4\" style=\"--columns:3;--gap:4px;\"><style>@media (max-width:479px){#us_post_list_m0b4{--columns:2!important}}<\/style><div class=\"w-grid-list\">\t<article class=\"w-grid-item size_1x1 post-1465 attachment type-attachment status-inherit hentry\" data-id=\"1465\">\r\n\t\t<div class=\"w-grid-item-h\">\r\n\t\t\t\t\t\t\t<a ref=\"magnificPopupGrid\" href=\"https:\/\/www.caesars-northcamps.com\/wp-content\/uploads\/2017\/12\/caesar-north-camp-route.jpg\" class=\"w-grid-item-anchor\" aria-label=\"caesar-north-camp-route\"><\/a>\r\n\t\t\t\t\t\t<div class=\"w-post-elm post_image usg_post_image_1 stretched\"><img loading=\"lazy\" decoding=\"async\" width=\"309\" height=\"388\" src=\"https:\/\/www.caesars-northcamps.com\/wp-content\/uploads\/2017\/12\/caesar-north-camp-route.jpg\" class=\"attachment-full size-full\" alt=\"\" srcset=\"https:\/\/www.caesars-northcamps.com\/wp-content\/uploads\/2017\/12\/caesar-north-camp-route.jpg 309w, https:\/\/www.caesars-northcamps.com\/wp-content\/uploads\/2017\/12\/caesar-north-camp-route-239x300.jpg 239w\" sizes=\"auto, (max-width: 309px) 100vw, 309px\" \/><\/div>\t\t<\/div>\r\n\t\t\t<\/article>\r\n\t<article class=\"w-grid-item size_1x1 post-1466 attachment type-attachment status-inherit hentry\" data-id=\"1466\">\r\n\t\t<div class=\"w-grid-item-h\">\r\n\t\t\t\t\t\t\t<a ref=\"magnificPopupGrid\" href=\"https:\/\/www.caesars-northcamps.com\/wp-content\/uploads\/2017\/12\/caesar-north-camp-route2.jpg\" class=\"w-grid-item-anchor\" aria-label=\"caesar-north-camp-route2\"><\/a>\r\n\t\t\t\t\t\t<div class=\"w-post-elm post_image usg_post_image_1 stretched\"><img loading=\"lazy\" decoding=\"async\" width=\"309\" height=\"388\" src=\"https:\/\/www.caesars-northcamps.com\/wp-content\/uploads\/2017\/12\/caesar-north-camp-route2.jpg\" class=\"attachment-full size-full\" alt=\"\" srcset=\"https:\/\/www.caesars-northcamps.com\/wp-content\/uploads\/2017\/12\/caesar-north-camp-route2.jpg 309w, https:\/\/www.caesars-northcamps.com\/wp-content\/uploads\/2017\/12\/caesar-north-camp-route2-239x300.jpg 239w\" sizes=\"auto, (max-width: 309px) 100vw, 309px\" \/><\/div>\t\t<\/div>\r\n\t\t\t<\/article>\r\n<\/div><div class=\"g-loadmore hidden\"><div class=\"g-preloader type_1\"><div><\/div><\/div><\/div><div class=\"w-grid-list-json hidden\" onclick='return {&quot;max_num_pages&quot;:0,&quot;paginationBase&quot;:&quot;page&quot;,&quot;pagination&quot;:&quot;none&quot;,&quot;paged&quot;:1,&quot;ajaxData&quot;:{&quot;action&quot;:&quot;us_ajax_post_list&quot;,&quot;meta_type&quot;:&quot;post&quot;,&quot;object_id&quot;:0,&quot;template_vars&quot;:{&quot;shortcode_base&quot;:&quot;us_post_list&quot;,&quot;paged&quot;:1,&quot;max_num_pages&quot;:0,&quot;no_results&quot;:false,&quot;us_post_content_design_css&quot;:[],&quot;found_posts&quot;:0,&quot;per_page&quot;:999,&quot;items_count&quot;:2,&quot;orderby_random_seed&quot;:null,&quot;source&quot;:&quot;media&quot;,&quot;ids&quot;:&quot;&quot;,&quot;post_type&quot;:&quot;&quot;,&quot;attachment_ids&quot;:&quot;188,189&quot;,&quot;include_post_thumbnail&quot;:0,&quot;post_author&quot;:&quot;any&quot;,&quot;post_author_ids&quot;:&quot;&quot;,&quot;apply_url_params&quot;:&quot;0&quot;,&quot;ignore_sticky_posts&quot;:&quot;0&quot;,&quot;exclude_children&quot;:0,&quot;exclude_current_post&quot;:1,&quot;exclude_prev_posts&quot;:0,&quot;exclude_past_events&quot;:&quot;1&quot;,&quot;enable_items_offset&quot;:0,&quot;items_offset&quot;:&quot;1&quot;,&quot;tax_query_relation&quot;:&quot;none&quot;,&quot;tax_query&quot;:[{&quot;operator&quot;:&quot;IN&quot;,&quot;taxonomy&quot;:&quot;category&quot;,&quot;terms&quot;:&quot;&quot;,&quot;include_children&quot;:0}],&quot;meta_query_relation&quot;:&quot;none&quot;,&quot;meta_query&quot;:[{&quot;key&quot;:&quot;custom_field_name&quot;,&quot;compare&quot;:&quot;=&quot;,&quot;value&quot;:&quot;&quot;}],&quot;orderby&quot;:&quot;post__in&quot;,&quot;orderby_custom_field&quot;:&quot;&quot;,&quot;orderby_custom_type&quot;:0,&quot;order_invert&quot;:&quot;1&quot;,&quot;show_all&quot;:&quot;1&quot;,&quot;quantity&quot;:&quot;12&quot;,&quot;posts_per_archive_page&quot;:0,&quot;no_items_action&quot;:&quot;message&quot;,&quot;no_items_message&quot;:&quot;Aucun r\\u00e9sultat.&quot;,&quot;no_items_page_block&quot;:&quot;&quot;,&quot;pagination&quot;:&quot;none&quot;,&quot;pagination_style&quot;:&quot;&quot;,&quot;pagination_btn_text&quot;:&quot;Charger plus&quot;,&quot;pagination_btn_size&quot;:&quot;&quot;,&quot;pagination_btn_style&quot;:&quot;1&quot;,&quot;pagination_btn_fullwidth&quot;:0,&quot;items_layout&quot;:&quot;gallery_default&quot;,&quot;type&quot;:&quot;grid&quot;,&quot;items_valign&quot;:0,&quot;ignore_items_size&quot;:0,&quot;columns&quot;:&quot;3&quot;,&quot;items_gap&quot;:&quot;4px&quot;,&quot;load_animation&quot;:&quot;none&quot;,&quot;items_preload_style&quot;:&quot;spinner&quot;,&quot;img_size&quot;:&quot;full&quot;,&quot;title_size&quot;:&quot;&quot;,&quot;items_ratio&quot;:&quot;default&quot;,&quot;items_ratio_width&quot;:&quot;21&quot;,&quot;items_ratio_height&quot;:&quot;9&quot;,&quot;overriding_link&quot;:&quot;%7B%22type%22%3A%22popup_image%22%7D&quot;,&quot;popup_page_template&quot;:&quot;0&quot;,&quot;popup_width&quot;:&quot;&quot;,&quot;popup_arrows&quot;:1,&quot;breakpoint_1_width&quot;:&quot;1281px&quot;,&quot;breakpoint_1_cols&quot;:&quot;3&quot;,&quot;breakpoint_1_quantity&quot;:&quot;&quot;,&quot;breakpoint_1_gap&quot;:&quot;&quot;,&quot;breakpoint_2_width&quot;:&quot;768px&quot;,&quot;breakpoint_2_cols&quot;:&quot;3&quot;,&quot;breakpoint_2_quantity&quot;:&quot;&quot;,&quot;breakpoint_2_gap&quot;:&quot;&quot;,&quot;breakpoint_3_width&quot;:&quot;480px&quot;,&quot;breakpoint_3_cols&quot;:&quot;2&quot;,&quot;breakpoint_3_quantity&quot;:&quot;&quot;,&quot;breakpoint_3_gap&quot;:&quot;&quot;,&quot;conditions_operator&quot;:&quot;always&quot;,&quot;conditions&quot;:[],&quot;css&quot;:null,&quot;el_class&quot;:&quot;&quot;,&quot;el_id&quot;:&quot;&quot;,&quot;enable_custom_html_atts&quot;:0,&quot;custom_html_atts&quot;:null,&quot;hide_on_states&quot;:&quot;&quot;,&quot;hide_for_sticky&quot;:0,&quot;hide_for_not_sticky&quot;:0,&quot;hide_below&quot;:&quot;0px&quot;,&quot;hide_above&quot;:&quot;0px&quot;,&quot;classes&quot;:&quot;&quot;},&quot;found_posts&quot;:0,&quot;per_page&quot;:999},&quot;facetedFilter&quot;:[]}'><\/div><\/div><\/div><\/div><\/div><\/div><\/div><\/section><section class=\"l-section wpb_row height_medium\"><div class=\"l-section-h i-cf\"><div class=\"g-cols vc_row via_flex valign_top type_default stacking_default\"><div class=\"vc_col-sm-12 wpb_column vc_column_container\"><div class=\"vc_column-inner\"><div class=\"wpb_wrapper\"><div class=\"wpb_text_column\"><div class=\"wpb_wrapper\"><h2>Hydravion depuis Ste-Anne du Lac<\/h2>\n<p>Pour les gens qui d\u00e9sirent \u00e9viter la route foresti\u00e8re entre Mont St-Michel et Clova, il y a l&rsquo;option De prendre l&rsquo;hydravion \u00e0 partir de La base De Ste-Anne du Lac . Celle-ci est situ\u00e9e \u00e0 seulement 40 min. De Mt-Laurier sur la route 309 juste apr\u00e8s Ferme-Neuve et Mont St-Michel. Suivez les indications pour la base d&rsquo;hydravions lorsque vous attendrez le village de Ste-Anne du Lac.<\/p>\n<\/div><\/div><div class=\"w-image align_none\"><div class=\"w-image-h\"><img decoding=\"async\" width=\"400\" height=\"525\" src=\"https:\/\/www.caesars-northcamps.com\/wp-content\/uploads\/2017\/12\/caesars-northcamp-map-saint-anne-du-lac.jpg\" class=\"attachment-full size-full\" alt=\"\" loading=\"lazy\" srcset=\"https:\/\/www.caesars-northcamps.com\/wp-content\/uploads\/2017\/12\/caesars-northcamp-map-saint-anne-du-lac.jpg 400w, https:\/\/www.caesars-northcamps.com\/wp-content\/uploads\/2017\/12\/caesars-northcamp-map-saint-anne-du-lac-229x300.jpg 229w\" sizes=\"auto, (max-width: 400px) 100vw, 400px\" \/><\/div><\/div><div class=\"w-separator size_custom\" style=\"height:15px\"><\/div><div class=\"g-cols wpb_row via_flex valign_top type_default stacking_default\"><div class=\"vc_col-sm-12 wpb_column vc_column_container\"><div class=\"vc_column-inner\"><div class=\"wpb_wrapper\">[vc_raw_html]JTNDdGFibGUlMjBjbGFzcyUzRCUyMmNuYy10YWJsZS1wcmljaW5nJTIwY25jLXRhYmxlLWZseSUyMiUzRSUwQSUzQ3RoZWFkJTNFJTBBJTNDdHIlM0UlMEElM0N0aCUyMGNvbHNwYW4lM0QlMjIyJTIyJTNFJTNDaDMlM0VIeWRyYXZpb24lMjBkZXB1aXMlMjBTdGUtQW5uZSUyMGR1JTIwTGFjJTNDJTJGaDMlM0UlM0MlMkZ0aCUzRSUwQSUzQyUyRnRyJTNFJTBBJTNDdHIlM0UlMEElM0N0aCUzRU5vbWJyZSUyMGRlJTIwcGVyc29ubmUlM0MlMkZ0aCUzRSUwQSUzQ3RoJTNFUHJpeCUyMHBhciUyMHBlcnNvbm5lJTIwcG91ciUyMGNlJTIwdm9sJTNDJTJGdGglM0UlMEElM0MlMkZ0ciUzRSUwQSUzQyUyRnRoZWFkJTNFJTBBJTNDdGJvZHklM0UlMEElM0N0ciUzRSUwQSUzQ3RkJTNFMiUyMHRvJTIwMTAlM0MlMkZ0ZCUzRSUwQSUzQ3RkJTNFNDc1JTIwJTI0JTIwJTJGJTIwcGVycyUyMCUyOHR4JTIwaW5jbHVzZXMlMjklM0MlMkZ0ZCUzRSUwQSUzQyUyRnRyJTNFJTBBJTNDJTJGdGJvZHklM0UlMEElM0MlMkZ0YWJsZSUzRQ==[\/vc_raw_html]<\/div><\/div><\/div><\/div><\/div><\/div><\/div><\/div><\/div><\/section>\n","protected":false},"excerpt":{"rendered":"","protected":false},"author":1,"featured_media":0,"parent":0,"menu_order":0,"comment_status":"closed","ping_status":"closed","template":"","meta":{"footnotes":""},"class_list":["post-1008","page","type-page","status-publish","hentry"],"yoast_head":"<!-- This site is optimized with the Yoast SEO plugin v27.2 - https:\/\/yoast.com\/product\/yoast-seo-wordpress\/ -->\n<title>Comment aller \u00e0 notre camp de base pr\u00e8s de Clova | Caesar&#039;s North Camps<\/title>\n<meta name=\"description\" content=\"Pour rejoindre le camp de base de Caesar&#039;s North Camp pr\u00e8s de Clova, suivez nos indications mais n&#039;utilisez pas votre GPS\" \/>\n<meta name=\"robots\" content=\"index, follow, max-snippet:-1, max-image-preview:large, max-video-preview:-1\" \/>\n<link rel=\"canonical\" href=\"https:\/\/www.caesars-northcamps.com\/fr\/directions\/\" \/>\n<meta property=\"og:locale\" content=\"fr_FR\" \/>\n<meta property=\"og:type\" content=\"article\" \/>\n<meta property=\"og:title\" content=\"Comment aller \u00e0 notre camp de base pr\u00e8s de Clova | Caesar&#039;s North Camps\" \/>\n<meta property=\"og:description\" content=\"Pour rejoindre le camp de base de Caesar&#039;s North Camp pr\u00e8s de Clova, suivez nos indications mais n&#039;utilisez pas votre GPS\" \/>\n<meta property=\"og:url\" content=\"https:\/\/www.caesars-northcamps.com\/fr\/directions\/\" \/>\n<meta property=\"og:site_name\" content=\"Caesar&#039;s North Camps\" \/>\n<meta property=\"article:modified_time\" content=\"2026-01-20T08:17:22+00:00\" \/>\n<meta name=\"twitter:card\" content=\"summary_large_image\" \/>\n<meta name=\"twitter:label1\" content=\"Dur\u00e9e de lecture estim\u00e9e\" \/>\n\t<meta name=\"twitter:data1\" content=\"3 minutes\" \/>\n<script type=\"application\/ld+json\" class=\"yoast-schema-graph\">{\"@context\":\"https:\/\/schema.org\",\"@graph\":[{\"@type\":\"WebPage\",\"@id\":\"https:\/\/www.caesars-northcamps.com\/fr\/directions\/\",\"url\":\"https:\/\/www.caesars-northcamps.com\/fr\/directions\/\",\"name\":\"Comment aller \u00e0 notre camp de base pr\u00e8s de Clova | Caesar's North Camps\",\"isPartOf\":{\"@id\":\"https:\/\/www.caesars-northcamps.com\/#website\"},\"datePublished\":\"2018-01-18T11:37:37+00:00\",\"dateModified\":\"2026-01-20T08:17:22+00:00\",\"description\":\"Pour rejoindre le camp de base de Caesar's North Camp pr\u00e8s de Clova, suivez nos indications mais n'utilisez pas votre GPS\",\"breadcrumb\":{\"@id\":\"https:\/\/www.caesars-northcamps.com\/fr\/directions\/#breadcrumb\"},\"inLanguage\":\"fr-FR\",\"potentialAction\":[{\"@type\":\"ReadAction\",\"target\":[\"https:\/\/www.caesars-northcamps.com\/fr\/directions\/\"]}]},{\"@type\":\"BreadcrumbList\",\"@id\":\"https:\/\/www.caesars-northcamps.com\/fr\/directions\/#breadcrumb\",\"itemListElement\":[{\"@type\":\"ListItem\",\"position\":1,\"name\":\"Accueil\",\"item\":\"https:\/\/www.caesars-northcamps.com\/fr\/\"},{\"@type\":\"ListItem\",\"position\":2,\"name\":\"Directions\"}]},{\"@type\":\"WebSite\",\"@id\":\"https:\/\/www.caesars-northcamps.com\/#website\",\"url\":\"https:\/\/www.caesars-northcamps.com\/\",\"name\":\"Caesar&#039;s North Camps\",\"description\":\"Best Fly-in fishing and hunting trips in Northern Quebec\",\"potentialAction\":[{\"@type\":\"SearchAction\",\"target\":{\"@type\":\"EntryPoint\",\"urlTemplate\":\"https:\/\/www.caesars-northcamps.com\/?s={search_term_string}\"},\"query-input\":{\"@type\":\"PropertyValueSpecification\",\"valueRequired\":true,\"valueName\":\"search_term_string\"}}],\"inLanguage\":\"fr-FR\"}]}<\/script>\n<!-- \/ Yoast SEO plugin. -->","yoast_head_json":{"title":"Comment aller \u00e0 notre camp de base pr\u00e8s de Clova | Caesar's North Camps","description":"Pour rejoindre le camp de base de Caesar's North Camp pr\u00e8s de Clova, suivez nos indications mais n'utilisez pas votre GPS","robots":{"index":"index","follow":"follow","max-snippet":"max-snippet:-1","max-image-preview":"max-image-preview:large","max-video-preview":"max-video-preview:-1"},"canonical":"https:\/\/www.caesars-northcamps.com\/fr\/directions\/","og_locale":"fr_FR","og_type":"article","og_title":"Comment aller \u00e0 notre camp de base pr\u00e8s de Clova | Caesar's North Camps","og_description":"Pour rejoindre le camp de base de Caesar's North Camp pr\u00e8s de Clova, suivez nos indications mais n'utilisez pas votre GPS","og_url":"https:\/\/www.caesars-northcamps.com\/fr\/directions\/","og_site_name":"Caesar&#039;s North Camps","article_modified_time":"2026-01-20T08:17:22+00:00","twitter_card":"summary_large_image","twitter_misc":{"Dur\u00e9e de lecture estim\u00e9e":"3 minutes"},"schema":{"@context":"https:\/\/schema.org","@graph":[{"@type":"WebPage","@id":"https:\/\/www.caesars-northcamps.com\/fr\/directions\/","url":"https:\/\/www.caesars-northcamps.com\/fr\/directions\/","name":"Comment aller \u00e0 notre camp de base pr\u00e8s de Clova | Caesar's North Camps","isPartOf":{"@id":"https:\/\/www.caesars-northcamps.com\/#website"},"datePublished":"2018-01-18T11:37:37+00:00","dateModified":"2026-01-20T08:17:22+00:00","description":"Pour rejoindre le camp de base de Caesar's North Camp pr\u00e8s de Clova, suivez nos indications mais n'utilisez pas votre GPS","breadcrumb":{"@id":"https:\/\/www.caesars-northcamps.com\/fr\/directions\/#breadcrumb"},"inLanguage":"fr-FR","potentialAction":[{"@type":"ReadAction","target":["https:\/\/www.caesars-northcamps.com\/fr\/directions\/"]}]},{"@type":"BreadcrumbList","@id":"https:\/\/www.caesars-northcamps.com\/fr\/directions\/#breadcrumb","itemListElement":[{"@type":"ListItem","position":1,"name":"Accueil","item":"https:\/\/www.caesars-northcamps.com\/fr\/"},{"@type":"ListItem","position":2,"name":"Directions"}]},{"@type":"WebSite","@id":"https:\/\/www.caesars-northcamps.com\/#website","url":"https:\/\/www.caesars-northcamps.com\/","name":"Caesar&#039;s North Camps","description":"Best Fly-in fishing and hunting trips in Northern Quebec","potentialAction":[{"@type":"SearchAction","target":{"@type":"EntryPoint","urlTemplate":"https:\/\/www.caesars-northcamps.com\/?s={search_term_string}"},"query-input":{"@type":"PropertyValueSpecification","valueRequired":true,"valueName":"search_term_string"}}],"inLanguage":"fr-FR"}]}},"_links":{"self":[{"href":"https:\/\/www.caesars-northcamps.com\/fr\/wp-json\/wp\/v2\/pages\/1008","targetHints":{"allow":["GET"]}}],"collection":[{"href":"https:\/\/www.caesars-northcamps.com\/fr\/wp-json\/wp\/v2\/pages"}],"about":[{"href":"https:\/\/www.caesars-northcamps.com\/fr\/wp-json\/wp\/v2\/types\/page"}],"author":[{"embeddable":true,"href":"https:\/\/www.caesars-northcamps.com\/fr\/wp-json\/wp\/v2\/users\/1"}],"replies":[{"embeddable":true,"href":"https:\/\/www.caesars-northcamps.com\/fr\/wp-json\/wp\/v2\/comments?post=1008"}],"version-history":[{"count":11,"href":"https:\/\/www.caesars-northcamps.com\/fr\/wp-json\/wp\/v2\/pages\/1008\/revisions"}],"predecessor-version":[{"id":3193,"href":"https:\/\/www.caesars-northcamps.com\/fr\/wp-json\/wp\/v2\/pages\/1008\/revisions\/3193"}],"wp:attachment":[{"href":"https:\/\/www.caesars-northcamps.com\/fr\/wp-json\/wp\/v2\/media?parent=1008"}],"curies":[{"name":"wp","href":"https:\/\/api.w.org\/{rel}","templated":true}]}}